{"id":14,"date":"2025-09-24T17:09:33","date_gmt":"2025-09-24T17:09:33","guid":{"rendered":"https:\/\/shd-evenements.fr\/?page_id=14"},"modified":"2025-09-30T09:37:39","modified_gmt":"2025-09-30T09:37:39","slug":"photobooth","status":"publish","type":"page","link":"https:\/\/shd-evenements.fr\/index.php\/photobooth\/","title":{"rendered":"Photobooth"},"content":{"rendered":"\n<p>SHD Ev\u00e9nements vous propose une animation qui ne laissera personne indiff\u00e9rent, la&nbsp;<strong>cabine photo instantan\u00e9e<\/strong>&nbsp;! Ludique et fun, le&nbsp;<strong>photobooth<\/strong>&nbsp;est une animation adapt\u00e9e \u00e0 tous les \u00e9v\u00e9nements, qu\u2019ils soient priv\u00e9s (<strong>mariage, anniversaire, cousinade, anniversaire de mariage, d\u00e9part \u00e0 la retraite<\/strong>, \u2026) ou professionnel (<strong>s\u00e9minaire, inauguration, gala, d\u00e9fil\u00e9, cocktail de lancement<\/strong>, etc.).<\/p>\n\n\n<div class=\"wp-block-image\">\n<figure class=\"aligncenter size-full is-resized\"><img loading=\"lazy\" decoding=\"async\" width=\"768\" height=\"1024\" src=\"https:\/\/shd-evenements.fr\/wp-content\/uploads\/2025\/09\/274345860_977040596244679_5936797580486412389_n-768x1024-1-1.jpg\" alt=\"\" class=\"wp-image-106\" style=\"width:467px;height:auto\"\/><\/figure>\n<\/div>\n\n\n<div class=\"wp-block-columns is-layout-flex wp-container-core-columns-is-layout-9d6595d7 wp-block-columns-is-layout-flex\">\n<div class=\"wp-block-column is-layout-flow wp-block-column-is-layout-flow\">\n<p><strong>FORFAIT BRONZE<\/strong><br><br>* Photos num\u00e9rique en illimit\u00e9es<br>* Envoi via we transfert<br>* Toutes vos photos sont enregistr\u00e9es<br>* Assistance \u00e0 distance par t\u00e9l\u00e9phone du Lundi au Dimanche, de 8h30 \u00e0 21h<\/p>\n<\/div>\n\n\n\n<div class=\"wp-block-column is-layout-flow wp-block-column-is-layout-flow\">\n<p><strong>FORFAIT SYVER<\/strong><br><br>*Forfait impression 200 photos impression instantan\u00e9e<br>* Photos num\u00e9rique en illimit\u00e9es<br>* Envoi via we transfert<br>* Toutes vos photos sont enregistr\u00e9es<br>* Personnalisation de la photo offerte<br>* Assistance \u00e0 distance par t\u00e9l\u00e9phone du Lundi au Dimanche, de 8h30 \u00e0 21h<\/p>\n<\/div>\n\n\n\n<div class=\"wp-block-column is-layout-flow wp-block-column-is-layout-flow\">\n<p><strong>FORFAIT GOLD<\/strong><br><br>*Forfait impression 400 photos impression instantan\u00e9e<br>* Photos num\u00e9rique en illimit\u00e9es<br>* Envoi via we transfert<br>* Toutes vos photos sont enregistr\u00e9es<br>* Personnalisation de la photo offerte<br>* Assistance \u00e0 distance par t\u00e9l\u00e9phone du Lundi au Dimanche, de 8h30 \u00e0 21h<\/p>\n<\/div>\n<\/div>\n\n\n\n<p><strong>Nos forfaits :<\/strong><br>BRONZE : tarifs 150 \u20ac<br>SYLVER : tarifs 200 \u20ac<br>GOLD : tarifs 250 \u20ac<br>Livraison, reprise 0.40 \u20ac par km A+R<br>Forfait montage\/d\u00e9montage 40 \u20ac<br>Personnalisation de la photo offerte pour les formules SYLBER et GOLD <\/p>\n","protected":false},"excerpt":{"rendered":"<p>SHD Ev\u00e9nements vous propose une animation qui ne laissera personne indiff\u00e9rent, la&nbsp;cabine photo instantan\u00e9e&nbsp;! Ludique et fun, le&nbsp;photobooth&nbsp;est une animation adapt\u00e9e \u00e0 tous les \u00e9v\u00e9nements, qu\u2019ils soient priv\u00e9s (mariage, anniversaire, cousinade, anniversaire de mariage, d\u00e9part \u00e0 la retraite, \u2026) ou professionnel (s\u00e9minaire, inauguration, gala, d\u00e9fil\u00e9, cocktail de lancement, etc.). FORFAIT BRONZE * Photos num\u00e9rique en [&hellip;]<\/p>\n","protected":false},"author":1,"featured_media":0,"parent":0,"menu_order":0,"comment_status":"closed","ping_status":"closed","template":"","meta":{"footnotes":""},"class_list":["post-14","page","type-page","status-publish","hentry"],"yoast_head":"<!-- This site is optimized with the Yoast SEO plugin v27.0 - https:\/\/yoast.com\/product\/yoast-seo-wordpress\/ -->\n<title>Photobooth - SHD Ev\u00e9nements<\/title>\n<meta name=\"robots\" content=\"index, follow, max-snippet:-1, max-image-preview:large, max-video-preview:-1\" \/>\n<link rel=\"canonical\" href=\"https:\/\/shd-evenements.fr\/index.php\/photobooth\/\" \/>\n<meta property=\"og:locale\" content=\"fr_FR\" \/>\n<meta property=\"og:type\" content=\"article\" \/>\n<meta property=\"og:title\" content=\"Photobooth - SHD Ev\u00e9nements\" \/>\n<meta property=\"og:description\" content=\"SHD Ev\u00e9nements vous propose une animation qui ne laissera personne indiff\u00e9rent, la&nbsp;cabine photo instantan\u00e9e&nbsp;! Ludique et fun, le&nbsp;photobooth&nbsp;est une animation adapt\u00e9e \u00e0 tous les \u00e9v\u00e9nements, qu\u2019ils soient priv\u00e9s (mariage, anniversaire, cousinade, anniversaire de mariage, d\u00e9part \u00e0 la retraite, \u2026) ou professionnel (s\u00e9minaire, inauguration, gala, d\u00e9fil\u00e9, cocktail de lancement, etc.). FORFAIT BRONZE * Photos num\u00e9rique en [&hellip;]\" \/>\n<meta property=\"og:url\" content=\"https:\/\/shd-evenements.fr\/index.php\/photobooth\/\" \/>\n<meta property=\"og:site_name\" content=\"SHD Ev\u00e9nements\" \/>\n<meta property=\"article:modified_time\" content=\"2025-09-30T09:37:39+00:00\" \/>\n<meta property=\"og:image\" content=\"https:\/\/shd-evenements.fr\/wp-content\/uploads\/2025\/09\/274345860_977040596244679_5936797580486412389_n-768x1024-1-1.jpg\" \/>\n\t<meta property=\"og:image:width\" content=\"768\" \/>\n\t<meta property=\"og:image:height\" content=\"1024\" \/>\n\t<meta property=\"og:image:type\" content=\"image\/jpeg\" \/>\n<meta name=\"twitter:card\" content=\"summary_large_image\" \/>\n<meta name=\"twitter:label1\" content=\"Dur\u00e9e de lecture estim\u00e9e\" \/>\n\t<meta name=\"twitter:data1\" content=\"1 minute\" \/>\n<script type=\"application\/ld+json\" class=\"yoast-schema-graph\">{\"@context\":\"https:\/\/schema.org\",\"@graph\":[{\"@type\":\"WebPage\",\"@id\":\"https:\/\/shd-evenements.fr\/index.php\/photobooth\/\",\"url\":\"https:\/\/shd-evenements.fr\/index.php\/photobooth\/\",\"name\":\"Photobooth - SHD Ev\u00e9nements\",\"isPartOf\":{\"@id\":\"https:\/\/shd-evenements.fr\/#website\"},\"primaryImageOfPage\":{\"@id\":\"https:\/\/shd-evenements.fr\/index.php\/photobooth\/#primaryimage\"},\"image\":{\"@id\":\"https:\/\/shd-evenements.fr\/index.php\/photobooth\/#primaryimage\"},\"thumbnailUrl\":\"https:\/\/shd-evenements.fr\/wp-content\/uploads\/2025\/09\/274345860_977040596244679_5936797580486412389_n-768x1024-1-1.jpg\",\"datePublished\":\"2025-09-24T17:09:33+00:00\",\"dateModified\":\"2025-09-30T09:37:39+00:00\",\"breadcrumb\":{\"@id\":\"https:\/\/shd-evenements.fr\/index.php\/photobooth\/#breadcrumb\"},\"inLanguage\":\"fr-FR\",\"potentialAction\":[{\"@type\":\"ReadAction\",\"target\":[\"https:\/\/shd-evenements.fr\/index.php\/photobooth\/\"]}]},{\"@type\":\"ImageObject\",\"inLanguage\":\"fr-FR\",\"@id\":\"https:\/\/shd-evenements.fr\/index.php\/photobooth\/#primaryimage\",\"url\":\"https:\/\/shd-evenements.fr\/wp-content\/uploads\/2025\/09\/274345860_977040596244679_5936797580486412389_n-768x1024-1-1.jpg\",\"contentUrl\":\"https:\/\/shd-evenements.fr\/wp-content\/uploads\/2025\/09\/274345860_977040596244679_5936797580486412389_n-768x1024-1-1.jpg\",\"width\":768,\"height\":1024},{\"@type\":\"BreadcrumbList\",\"@id\":\"https:\/\/shd-evenements.fr\/index.php\/photobooth\/#breadcrumb\",\"itemListElement\":[{\"@type\":\"ListItem\",\"position\":1,\"name\":\"Accueil\",\"item\":\"https:\/\/shd-evenements.fr\/\"},{\"@type\":\"ListItem\",\"position\":2,\"name\":\"Photobooth\"}]},{\"@type\":\"WebSite\",\"@id\":\"https:\/\/shd-evenements.fr\/#website\",\"url\":\"https:\/\/shd-evenements.fr\/\",\"name\":\"SHD Ev\u00e9nements\",\"description\":\"Nos limites sont celle de votre imagination\",\"potentialAction\":[{\"@type\":\"SearchAction\",\"target\":{\"@type\":\"EntryPoint\",\"urlTemplate\":\"https:\/\/shd-evenements.fr\/?s={search_term_string}\"},\"query-input\":{\"@type\":\"PropertyValueSpecification\",\"valueRequired\":true,\"valueName\":\"search_term_string\"}}],\"inLanguage\":\"fr-FR\"}]}<\/script>\n<!-- \/ Yoast SEO plugin. -->","yoast_head_json":{"title":"Photobooth - SHD Ev\u00e9nements","robots":{"index":"index","follow":"follow","max-snippet":"max-snippet:-1","max-image-preview":"max-image-preview:large","max-video-preview":"max-video-preview:-1"},"canonical":"https:\/\/shd-evenements.fr\/index.php\/photobooth\/","og_locale":"fr_FR","og_type":"article","og_title":"Photobooth - SHD Ev\u00e9nements","og_description":"SHD Ev\u00e9nements vous propose une animation qui ne laissera personne indiff\u00e9rent, la&nbsp;cabine photo instantan\u00e9e&nbsp;! Ludique et fun, le&nbsp;photobooth&nbsp;est une animation adapt\u00e9e \u00e0 tous les \u00e9v\u00e9nements, qu\u2019ils soient priv\u00e9s (mariage, anniversaire, cousinade, anniversaire de mariage, d\u00e9part \u00e0 la retraite, \u2026) ou professionnel (s\u00e9minaire, inauguration, gala, d\u00e9fil\u00e9, cocktail de lancement, etc.). FORFAIT BRONZE * Photos num\u00e9rique en [&hellip;]","og_url":"https:\/\/shd-evenements.fr\/index.php\/photobooth\/","og_site_name":"SHD Ev\u00e9nements","article_modified_time":"2025-09-30T09:37:39+00:00","og_image":[{"width":768,"height":1024,"url":"https:\/\/shd-evenements.fr\/wp-content\/uploads\/2025\/09\/274345860_977040596244679_5936797580486412389_n-768x1024-1-1.jpg","type":"image\/jpeg"}],"twitter_card":"summary_large_image","twitter_misc":{"Dur\u00e9e de lecture estim\u00e9e":"1 minute"},"schema":{"@context":"https:\/\/schema.org","@graph":[{"@type":"WebPage","@id":"https:\/\/shd-evenements.fr\/index.php\/photobooth\/","url":"https:\/\/shd-evenements.fr\/index.php\/photobooth\/","name":"Photobooth - SHD Ev\u00e9nements","isPartOf":{"@id":"https:\/\/shd-evenements.fr\/#website"},"primaryImageOfPage":{"@id":"https:\/\/shd-evenements.fr\/index.php\/photobooth\/#primaryimage"},"image":{"@id":"https:\/\/shd-evenements.fr\/index.php\/photobooth\/#primaryimage"},"thumbnailUrl":"https:\/\/shd-evenements.fr\/wp-content\/uploads\/2025\/09\/274345860_977040596244679_5936797580486412389_n-768x1024-1-1.jpg","datePublished":"2025-09-24T17:09:33+00:00","dateModified":"2025-09-30T09:37:39+00:00","breadcrumb":{"@id":"https:\/\/shd-evenements.fr\/index.php\/photobooth\/#breadcrumb"},"inLanguage":"fr-FR","potentialAction":[{"@type":"ReadAction","target":["https:\/\/shd-evenements.fr\/index.php\/photobooth\/"]}]},{"@type":"ImageObject","inLanguage":"fr-FR","@id":"https:\/\/shd-evenements.fr\/index.php\/photobooth\/#primaryimage","url":"https:\/\/shd-evenements.fr\/wp-content\/uploads\/2025\/09\/274345860_977040596244679_5936797580486412389_n-768x1024-1-1.jpg","contentUrl":"https:\/\/shd-evenements.fr\/wp-content\/uploads\/2025\/09\/274345860_977040596244679_5936797580486412389_n-768x1024-1-1.jpg","width":768,"height":1024},{"@type":"BreadcrumbList","@id":"https:\/\/shd-evenements.fr\/index.php\/photobooth\/#breadcrumb","itemListElement":[{"@type":"ListItem","position":1,"name":"Accueil","item":"https:\/\/shd-evenements.fr\/"},{"@type":"ListItem","position":2,"name":"Photobooth"}]},{"@type":"WebSite","@id":"https:\/\/shd-evenements.fr\/#website","url":"https:\/\/shd-evenements.fr\/","name":"SHD Ev\u00e9nements","description":"Nos limites sont celle de votre imagination","potentialAction":[{"@type":"SearchAction","target":{"@type":"EntryPoint","urlTemplate":"https:\/\/shd-evenements.fr\/?s={search_term_string}"},"query-input":{"@type":"PropertyValueSpecification","valueRequired":true,"valueName":"search_term_string"}}],"inLanguage":"fr-FR"}]}},"_links":{"self":[{"href":"https:\/\/shd-evenements.fr\/index.php\/wp-json\/wp\/v2\/pages\/14","targetHints":{"allow":["GET"]}}],"collection":[{"href":"https:\/\/shd-evenements.fr\/index.php\/wp-json\/wp\/v2\/pages"}],"about":[{"href":"https:\/\/shd-evenements.fr\/index.php\/wp-json\/wp\/v2\/types\/page"}],"author":[{"embeddable":true,"href":"https:\/\/shd-evenements.fr\/index.php\/wp-json\/wp\/v2\/users\/1"}],"replies":[{"embeddable":true,"href":"https:\/\/shd-evenements.fr\/index.php\/wp-json\/wp\/v2\/comments?post=14"}],"version-history":[{"count":6,"href":"https:\/\/shd-evenements.fr\/index.php\/wp-json\/wp\/v2\/pages\/14\/revisions"}],"predecessor-version":[{"id":112,"href":"https:\/\/shd-evenements.fr\/index.php\/wp-json\/wp\/v2\/pages\/14\/revisions\/112"}],"wp:attachment":[{"href":"https:\/\/shd-evenements.fr\/index.php\/wp-json\/wp\/v2\/media?parent=14"}],"curies":[{"name":"wp","href":"https:\/\/api.w.org\/{rel}","templated":true}]}}