{"id":159,"date":"2025-09-30T15:33:51","date_gmt":"2025-09-30T15:33:51","guid":{"rendered":"https:\/\/shd-evenements.fr\/?page_id=159"},"modified":"2025-12-08T20:09:24","modified_gmt":"2025-12-08T20:09:24","slug":"lumieres","status":"publish","type":"page","link":"https:\/\/shd-evenements.fr\/index.php\/lumieres\/","title":{"rendered":"Lumi\u00e8res"},"content":{"rendered":"\n<div class=\"wp-block-columns is-layout-flex wp-container-core-columns-is-layout-9d6595d7 wp-block-columns-is-layout-flex\">\n<div class=\"wp-block-column is-layout-flow wp-block-column-is-layout-flow\" style=\"flex-basis:33.33%\">\n<figure class=\"wp-block-image size-full is-resized\"><img loading=\"lazy\" decoding=\"async\" width=\"150\" height=\"150\" src=\"https:\/\/shd-evenements.fr\/wp-content\/uploads\/2025\/09\/images-3-150x150-1.jpg\" alt=\"\" class=\"wp-image-73\" style=\"width:272px;height:auto\"\/><\/figure>\n<\/div>\n\n\n\n<div class=\"wp-block-column is-layout-flow wp-block-column-is-layout-flow\" style=\"flex-basis:66.66%\">\n<p>L&rsquo;American DJ Mega TriPar <\/p>\n\n\n\n<p>Projecteur PAR ultraplat, \u00e9quip\u00e9 de 5 LED QUAD RGB+UV de 4W<br>Offrant un m\u00e9lange de couleurs fluide, 5 modes DMX et 5 modes de fonctionnement, il assure une vari\u00e9t\u00e9 d&rsquo;options de programmation<br>Tarif : 10 \u20ac<\/p>\n<\/div>\n<\/div>\n\n\n\n<div class=\"wp-block-columns is-layout-flex wp-container-core-columns-is-layout-9d6595d7 wp-block-columns-is-layout-flex\">\n<div class=\"wp-block-column is-layout-flow wp-block-column-is-layout-flow\" style=\"flex-basis:33.33%\">\n<figure class=\"wp-block-image size-full\"><img loading=\"lazy\" decoding=\"async\" width=\"450\" height=\"450\" src=\"https:\/\/shd-evenements.fr\/wp-content\/uploads\/2025\/09\/60174_1.jpg\" alt=\"\" class=\"wp-image-162\"\/><\/figure>\n<\/div>\n\n\n\n<div class=\"wp-block-column is-layout-flow wp-block-column-is-layout-flow\" style=\"flex-basis:66.66%\">\n<h2 class=\"wp-block-heading\">Party Bar Derby<\/h2>\n\n\n\n<p>Stand lumi\u00e8res avec 2 projecteurs de 9 LED RGBW 1 W multicolores et 2 Nano Derby de 12 W chacun, muni de son tr\u00e9pied. Effets lumineux saisissants, dot\u00e9 de nombreux programmes automatiques pour de superbes shows lumi\u00e8re, un large champ d&rsquo;action, tout simplement imbattable et g\u00e9nial pour des soir\u00e9es priv\u00e9es !<br>Tarif : 20 \u20ac<\/p>\n<\/div>\n<\/div>\n\n\n\n<div class=\"wp-block-columns is-layout-flex wp-container-core-columns-is-layout-9d6595d7 wp-block-columns-is-layout-flex\">\n<div class=\"wp-block-column is-layout-flow wp-block-column-is-layout-flow\" style=\"flex-basis:33.33%\">\n<figure class=\"wp-block-image size-full\"><img loading=\"lazy\" decoding=\"async\" width=\"450\" height=\"450\" src=\"https:\/\/shd-evenements.fr\/wp-content\/uploads\/2025\/09\/60177_1.jpg\" alt=\"\" class=\"wp-image-163\"\/><\/figure>\n<\/div>\n\n\n\n<div class=\"wp-block-column is-layout-flow wp-block-column-is-layout-flow\" style=\"flex-basis:66.66%\">\n<h2 class=\"wp-block-heading\">Quattro Moon<\/h2>\n\n\n\n<p>Jeu de lumi\u00e8res LEDs RGBWA multifaisceaux type MoonFlower avec 4 lentilles pour une projection tr\u00e8s large de votre show lumi\u00e8res ! Plug&amp;Play, facile utiliser.<br>Tarif : 12 \u20ac<\/p>\n<\/div>\n<\/div>\n\n\n\n<div class=\"wp-block-columns is-layout-flex wp-container-core-columns-is-layout-9d6595d7 wp-block-columns-is-layout-flex\">\n<div class=\"wp-block-column is-layout-flow wp-block-column-is-layout-flow\" style=\"flex-basis:33.33%\">\n<figure class=\"wp-block-image size-full\"><img loading=\"lazy\" decoding=\"async\" width=\"450\" height=\"450\" src=\"https:\/\/shd-evenements.fr\/wp-content\/uploads\/2025\/09\/61366_1.jpg\" alt=\"\" class=\"wp-image-164\"\/><\/figure>\n<\/div>\n\n\n\n<div class=\"wp-block-column is-layout-flow wp-block-column-is-layout-flow\" style=\"flex-basis:66.66%\">\n<h2 class=\"wp-block-heading\">Six Eyes RGB<\/h2>\n\n\n\n<p>LASER 6 ouvertures, offrant une tr\u00e8s large ouverture. Ce laser est \u00e9quip\u00e9 de 6 sources dont 2 vertes, 2 rouges et 2 bleues multifaisceaux avec effet rotatif !<br>Tarif : 15 \u20ac<\/p>\n<\/div>\n<\/div>\n\n\n\n<div class=\"wp-block-columns is-layout-flex wp-container-core-columns-is-layout-9d6595d7 wp-block-columns-is-layout-flex\">\n<div class=\"wp-block-column is-layout-flow wp-block-column-is-layout-flow\" style=\"flex-basis:33.33%\">\n<figure class=\"wp-block-image size-full\"><img loading=\"lazy\" decoding=\"async\" width=\"450\" height=\"450\" src=\"https:\/\/shd-evenements.fr\/wp-content\/uploads\/2025\/09\/92779_1.jpg\" alt=\"\" class=\"wp-image-165\"\/><\/figure>\n<\/div>\n\n\n\n<div class=\"wp-block-column is-layout-flow wp-block-column-is-layout-flow\" style=\"flex-basis:66.66%\">\n<h2 class=\"wp-block-heading\">UFO-Quad<\/h2>\n\n\n\n<p>combine LASER, effet Beam, boule Disco et Strobe pour des ambiances lumineuses spectaculaires. \u00e9quip\u00e9 de LED puissantes et offrant des modes de fonctionnement DMX, automatique et d\u00e9tection musicale.<br>Tarif : 15 \u20ac<\/p>\n<\/div>\n<\/div>\n\n\n\n<div class=\"wp-block-columns is-layout-flex wp-container-core-columns-is-layout-9d6595d7 wp-block-columns-is-layout-flex\">\n<div class=\"wp-block-column is-layout-flow wp-block-column-is-layout-flow\" style=\"flex-basis:33.33%\">\n<figure class=\"wp-block-image size-full\"><img loading=\"lazy\" decoding=\"async\" width=\"623\" height=\"600\" src=\"https:\/\/shd-evenements.fr\/wp-content\/uploads\/2025\/09\/stairville-af-40-dmx-mini-fog-machine-267179.jpg\" alt=\"\" class=\"wp-image-189\"\/><\/figure>\n<\/div>\n\n\n\n<div class=\"wp-block-column is-layout-flow wp-block-column-is-layout-flow\" style=\"flex-basis:66.66%\">\n<h2 class=\"wp-block-heading\">Machine \u00e0 fum\u00e9e compacte<\/h2>\n\n\n\n<ul class=\"wp-block-list\">\n<li>Machine \u00e0 brouillard tr\u00e8s compacte avec un syst\u00e8me de vaporisation extr\u00eamement efficace et une interface DMX 512<\/li>\n\n\n\n<li>Une grande production de brouillard d&rsquo;environ 85 m\u00b3 par minute pour une si petite machine \u00e0 brouillard !<\/li>\n\n\n\n<li>Id\u00e9al pour les petits clubs, les petites sc\u00e8nes ou m\u00eame pour une salle des f\u00eates<\/li>\n\n\n\n<li>Livr\u00e9 avec commande filaire<br>Tarif : 20 \u20ac avec le plein de produit \u00e0 fum\u00e9e<\/li>\n<\/ul>\n<\/div>\n<\/div>\n\n\n\n<div class=\"wp-block-columns is-layout-flex wp-container-core-columns-is-layout-9d6595d7 wp-block-columns-is-layout-flex\">\n<div class=\"wp-block-column is-layout-flow wp-block-column-is-layout-flow\" style=\"flex-basis:33.33%\">\n<figure class=\"wp-block-image size-full\"><img loading=\"lazy\" decoding=\"async\" width=\"1972\" height=\"1279\" src=\"https:\/\/shd-evenements.fr\/wp-content\/uploads\/2025\/12\/577042046_122137924010941089_4708274985254848346_n.jpg\" alt=\"\" class=\"wp-image-267\"\/><\/figure>\n<\/div>\n\n\n\n<div class=\"wp-block-column is-layout-flow wp-block-column-is-layout-flow\" style=\"flex-basis:66.66%\">\n<h2 class=\"wp-block-heading\">Rideau Led 6 x 4 m\u00e8tres<\/h2>\n\n\n\n<p>Le Showtec est un rideau 6 x 4 m . Le rideau de fond de sc\u00e8ne est dot\u00e9 de bandes velcro.<br>Tarif : 50 \u20ac<\/p>\n<\/div>\n<\/div>\n","protected":false},"excerpt":{"rendered":"<p>L&rsquo;American DJ Mega TriPar Projecteur PAR ultraplat, \u00e9quip\u00e9 de 5 LED QUAD RGB+UV de 4WOffrant un m\u00e9lange de couleurs fluide, 5 modes DMX et 5 modes de fonctionnement, il assure une vari\u00e9t\u00e9 d&rsquo;options de programmationTarif : 10 \u20ac Party Bar Derby Stand lumi\u00e8res avec 2 projecteurs de 9 LED RGBW 1 W multicolores et 2 [&hellip;]<\/p>\n","protected":false},"author":2,"featured_media":0,"parent":0,"menu_order":0,"comment_status":"closed","ping_status":"closed","template":"","meta":{"footnotes":""},"class_list":["post-159","page","type-page","status-publish","hentry"],"yoast_head":"<!-- This site is optimized with the Yoast SEO plugin v27.0 - https:\/\/yoast.com\/product\/yoast-seo-wordpress\/ -->\n<title>Lumi\u00e8res - SHD Ev\u00e9nements<\/title>\n<meta name=\"robots\" content=\"index, follow, max-snippet:-1, max-image-preview:large, max-video-preview:-1\" \/>\n<link rel=\"canonical\" href=\"https:\/\/shd-evenements.fr\/index.php\/lumieres\/\" \/>\n<meta property=\"og:locale\" content=\"fr_FR\" \/>\n<meta property=\"og:type\" content=\"article\" \/>\n<meta property=\"og:title\" content=\"Lumi\u00e8res - SHD Ev\u00e9nements\" \/>\n<meta property=\"og:description\" content=\"L&rsquo;American DJ Mega TriPar Projecteur PAR ultraplat, \u00e9quip\u00e9 de 5 LED QUAD RGB+UV de 4WOffrant un m\u00e9lange de couleurs fluide, 5 modes DMX et 5 modes de fonctionnement, il assure une vari\u00e9t\u00e9 d&rsquo;options de programmationTarif : 10 \u20ac Party Bar Derby Stand lumi\u00e8res avec 2 projecteurs de 9 LED RGBW 1 W multicolores et 2 [&hellip;]\" \/>\n<meta property=\"og:url\" content=\"https:\/\/shd-evenements.fr\/index.php\/lumieres\/\" \/>\n<meta property=\"og:site_name\" content=\"SHD Ev\u00e9nements\" \/>\n<meta property=\"article:modified_time\" content=\"2025-12-08T20:09:24+00:00\" \/>\n<meta property=\"og:image\" content=\"https:\/\/shd-evenements.fr\/wp-content\/uploads\/2025\/09\/images-3-150x150-1.jpg\" \/>\n\t<meta property=\"og:image:width\" content=\"150\" \/>\n\t<meta property=\"og:image:height\" content=\"150\" \/>\n\t<meta property=\"og:image:type\" content=\"image\/jpeg\" \/>\n<meta name=\"twitter:card\" content=\"summary_large_image\" \/>\n<meta name=\"twitter:label1\" content=\"Dur\u00e9e de lecture estim\u00e9e\" \/>\n\t<meta name=\"twitter:data1\" content=\"3 minutes\" \/>\n<script type=\"application\/ld+json\" class=\"yoast-schema-graph\">{\"@context\":\"https:\/\/schema.org\",\"@graph\":[{\"@type\":\"WebPage\",\"@id\":\"https:\/\/shd-evenements.fr\/index.php\/lumieres\/\",\"url\":\"https:\/\/shd-evenements.fr\/index.php\/lumieres\/\",\"name\":\"Lumi\u00e8res - SHD Ev\u00e9nements\",\"isPartOf\":{\"@id\":\"https:\/\/shd-evenements.fr\/#website\"},\"primaryImageOfPage\":{\"@id\":\"https:\/\/shd-evenements.fr\/index.php\/lumieres\/#primaryimage\"},\"image\":{\"@id\":\"https:\/\/shd-evenements.fr\/index.php\/lumieres\/#primaryimage\"},\"thumbnailUrl\":\"https:\/\/shd-evenements.fr\/wp-content\/uploads\/2025\/09\/images-3-150x150-1.jpg\",\"datePublished\":\"2025-09-30T15:33:51+00:00\",\"dateModified\":\"2025-12-08T20:09:24+00:00\",\"breadcrumb\":{\"@id\":\"https:\/\/shd-evenements.fr\/index.php\/lumieres\/#breadcrumb\"},\"inLanguage\":\"fr-FR\",\"potentialAction\":[{\"@type\":\"ReadAction\",\"target\":[\"https:\/\/shd-evenements.fr\/index.php\/lumieres\/\"]}]},{\"@type\":\"ImageObject\",\"inLanguage\":\"fr-FR\",\"@id\":\"https:\/\/shd-evenements.fr\/index.php\/lumieres\/#primaryimage\",\"url\":\"https:\/\/shd-evenements.fr\/wp-content\/uploads\/2025\/09\/images-3-150x150-1.jpg\",\"contentUrl\":\"https:\/\/shd-evenements.fr\/wp-content\/uploads\/2025\/09\/images-3-150x150-1.jpg\",\"width\":150,\"height\":150},{\"@type\":\"BreadcrumbList\",\"@id\":\"https:\/\/shd-evenements.fr\/index.php\/lumieres\/#breadcrumb\",\"itemListElement\":[{\"@type\":\"ListItem\",\"position\":1,\"name\":\"Accueil\",\"item\":\"https:\/\/shd-evenements.fr\/\"},{\"@type\":\"ListItem\",\"position\":2,\"name\":\"Lumi\u00e8res\"}]},{\"@type\":\"WebSite\",\"@id\":\"https:\/\/shd-evenements.fr\/#website\",\"url\":\"https:\/\/shd-evenements.fr\/\",\"name\":\"SHD Ev\u00e9nements\",\"description\":\"Nos limites sont celle de votre imagination\",\"potentialAction\":[{\"@type\":\"SearchAction\",\"target\":{\"@type\":\"EntryPoint\",\"urlTemplate\":\"https:\/\/shd-evenements.fr\/?s={search_term_string}\"},\"query-input\":{\"@type\":\"PropertyValueSpecification\",\"valueRequired\":true,\"valueName\":\"search_term_string\"}}],\"inLanguage\":\"fr-FR\"}]}<\/script>\n<!-- \/ Yoast SEO plugin. -->","yoast_head_json":{"title":"Lumi\u00e8res - SHD Ev\u00e9nements","robots":{"index":"index","follow":"follow","max-snippet":"max-snippet:-1","max-image-preview":"max-image-preview:large","max-video-preview":"max-video-preview:-1"},"canonical":"https:\/\/shd-evenements.fr\/index.php\/lumieres\/","og_locale":"fr_FR","og_type":"article","og_title":"Lumi\u00e8res - SHD Ev\u00e9nements","og_description":"L&rsquo;American DJ Mega TriPar Projecteur PAR ultraplat, \u00e9quip\u00e9 de 5 LED QUAD RGB+UV de 4WOffrant un m\u00e9lange de couleurs fluide, 5 modes DMX et 5 modes de fonctionnement, il assure une vari\u00e9t\u00e9 d&rsquo;options de programmationTarif : 10 \u20ac Party Bar Derby Stand lumi\u00e8res avec 2 projecteurs de 9 LED RGBW 1 W multicolores et 2 [&hellip;]","og_url":"https:\/\/shd-evenements.fr\/index.php\/lumieres\/","og_site_name":"SHD Ev\u00e9nements","article_modified_time":"2025-12-08T20:09:24+00:00","og_image":[{"width":150,"height":150,"url":"https:\/\/shd-evenements.fr\/wp-content\/uploads\/2025\/09\/images-3-150x150-1.jpg","type":"image\/jpeg"}],"twitter_card":"summary_large_image","twitter_misc":{"Dur\u00e9e de lecture estim\u00e9e":"3 minutes"},"schema":{"@context":"https:\/\/schema.org","@graph":[{"@type":"WebPage","@id":"https:\/\/shd-evenements.fr\/index.php\/lumieres\/","url":"https:\/\/shd-evenements.fr\/index.php\/lumieres\/","name":"Lumi\u00e8res - SHD Ev\u00e9nements","isPartOf":{"@id":"https:\/\/shd-evenements.fr\/#website"},"primaryImageOfPage":{"@id":"https:\/\/shd-evenements.fr\/index.php\/lumieres\/#primaryimage"},"image":{"@id":"https:\/\/shd-evenements.fr\/index.php\/lumieres\/#primaryimage"},"thumbnailUrl":"https:\/\/shd-evenements.fr\/wp-content\/uploads\/2025\/09\/images-3-150x150-1.jpg","datePublished":"2025-09-30T15:33:51+00:00","dateModified":"2025-12-08T20:09:24+00:00","breadcrumb":{"@id":"https:\/\/shd-evenements.fr\/index.php\/lumieres\/#breadcrumb"},"inLanguage":"fr-FR","potentialAction":[{"@type":"ReadAction","target":["https:\/\/shd-evenements.fr\/index.php\/lumieres\/"]}]},{"@type":"ImageObject","inLanguage":"fr-FR","@id":"https:\/\/shd-evenements.fr\/index.php\/lumieres\/#primaryimage","url":"https:\/\/shd-evenements.fr\/wp-content\/uploads\/2025\/09\/images-3-150x150-1.jpg","contentUrl":"https:\/\/shd-evenements.fr\/wp-content\/uploads\/2025\/09\/images-3-150x150-1.jpg","width":150,"height":150},{"@type":"BreadcrumbList","@id":"https:\/\/shd-evenements.fr\/index.php\/lumieres\/#breadcrumb","itemListElement":[{"@type":"ListItem","position":1,"name":"Accueil","item":"https:\/\/shd-evenements.fr\/"},{"@type":"ListItem","position":2,"name":"Lumi\u00e8res"}]},{"@type":"WebSite","@id":"https:\/\/shd-evenements.fr\/#website","url":"https:\/\/shd-evenements.fr\/","name":"SHD Ev\u00e9nements","description":"Nos limites sont celle de votre imagination","potentialAction":[{"@type":"SearchAction","target":{"@type":"EntryPoint","urlTemplate":"https:\/\/shd-evenements.fr\/?s={search_term_string}"},"query-input":{"@type":"PropertyValueSpecification","valueRequired":true,"valueName":"search_term_string"}}],"inLanguage":"fr-FR"}]}},"_links":{"self":[{"href":"https:\/\/shd-evenements.fr\/index.php\/wp-json\/wp\/v2\/pages\/159","targetHints":{"allow":["GET"]}}],"collection":[{"href":"https:\/\/shd-evenements.fr\/index.php\/wp-json\/wp\/v2\/pages"}],"about":[{"href":"https:\/\/shd-evenements.fr\/index.php\/wp-json\/wp\/v2\/types\/page"}],"author":[{"embeddable":true,"href":"https:\/\/shd-evenements.fr\/index.php\/wp-json\/wp\/v2\/users\/2"}],"replies":[{"embeddable":true,"href":"https:\/\/shd-evenements.fr\/index.php\/wp-json\/wp\/v2\/comments?post=159"}],"version-history":[{"count":7,"href":"https:\/\/shd-evenements.fr\/index.php\/wp-json\/wp\/v2\/pages\/159\/revisions"}],"predecessor-version":[{"id":269,"href":"https:\/\/shd-evenements.fr\/index.php\/wp-json\/wp\/v2\/pages\/159\/revisions\/269"}],"wp:attachment":[{"href":"https:\/\/shd-evenements.fr\/index.php\/wp-json\/wp\/v2\/media?parent=159"}],"curies":[{"name":"wp","href":"https:\/\/api.w.org\/{rel}","templated":true}]}}