{"id":18,"date":"2025-09-24T17:10:38","date_gmt":"2025-09-24T17:10:38","guid":{"rendered":"https:\/\/shd-evenements.fr\/?page_id=18"},"modified":"2025-09-30T13:05:38","modified_gmt":"2025-09-30T13:05:38","slug":"machines-sucrees","status":"publish","type":"page","link":"https:\/\/shd-evenements.fr\/index.php\/machines-sucrees\/","title":{"rendered":"Machines sucr\u00e9es"},"content":{"rendered":"\n<div class=\"wp-block-columns is-layout-flex wp-container-core-columns-is-layout-9d6595d7 wp-block-columns-is-layout-flex\">\n<div class=\"wp-block-column is-layout-flow wp-block-column-is-layout-flow\" style=\"flex-basis:33.33%\"><div class=\"wp-block-image\">\n<figure class=\"aligncenter size-full\"><img loading=\"lazy\" decoding=\"async\" width=\"160\" height=\"300\" src=\"https:\/\/shd-evenements.fr\/wp-content\/uploads\/2025\/09\/popcorn1-removebg-preview.png\" alt=\"\" class=\"wp-image-135\"\/><\/figure>\n<\/div><\/div>\n\n\n\n<div class=\"wp-block-column is-layout-flow wp-block-column-is-layout-flow\" style=\"flex-basis:66.66%\">\n<p><strong>MACHINE A POP CORN<\/strong><\/p>\n\n\n\n<ul class=\"wp-block-list\">\n<li>Lampe chauffante int\u00e9gr\u00e9e, Production rapide<\/li>\n\n\n\n<li>Utilisation simple<\/li>\n\n\n\n<li>Dimensions ext\u00e9rieures: B x T x H:&nbsp;<strong>560 x 417 x 770 mm<\/strong><\/li>\n\n\n\n<li>Option Chariot pour la machine \u00e0 pop-corn<\/li>\n<\/ul>\n\n\n\n<p><strong>Tarif journ\u00e9e en semaine : 60 \u20ac weekend : 75 \u20ac<br>option charrette : 10 \u20ac<br>Kit 50 cornets popcorn : 15 \u20ac<\/strong><\/p>\n<\/div>\n<\/div>\n\n\n\n<div class=\"wp-block-columns is-layout-flex wp-container-core-columns-is-layout-9d6595d7 wp-block-columns-is-layout-flex\">\n<div class=\"wp-block-column is-layout-flow wp-block-column-is-layout-flow\" style=\"flex-basis:33.33%\">\n<figure class=\"wp-block-image size-full\"><img loading=\"lazy\" decoding=\"async\" width=\"300\" height=\"300\" src=\"https:\/\/shd-evenements.fr\/wp-content\/uploads\/2025\/09\/machine-a-granite-2-groupes-2-x-6-l-ref42882-300x300-1.jpg\" alt=\"\" class=\"wp-image-136\"\/><\/figure>\n<\/div>\n\n\n\n<div class=\"wp-block-column is-layout-flow wp-block-column-is-layout-flow\" style=\"flex-basis:66.66%\">\n<p><strong>MACHINE A GRANITA<\/strong><\/p>\n\n\n\n<p>Id\u00e9al pour se&nbsp;rafra\u00eechir&nbsp;<\/p>\n\n\n\n<p>2 BACS<\/p>\n\n\n\n<p><strong>Tarif journ\u00e9e en semaine : 60 \u20ac weekend : 75 \u20ac<\/strong><br>Sans consommables<\/p>\n<\/div>\n<\/div>\n\n\n\n<div class=\"wp-block-columns is-layout-flex wp-container-core-columns-is-layout-9d6595d7 wp-block-columns-is-layout-flex\">\n<div class=\"wp-block-column is-layout-flow wp-block-column-is-layout-flow\" style=\"flex-basis:33.33%\">\n<figure class=\"wp-block-image size-full\"><img loading=\"lazy\" decoding=\"async\" width=\"500\" height=\"500\" src=\"https:\/\/shd-evenements.fr\/wp-content\/uploads\/2025\/09\/fr_MHTJLJ00000000001V2_goods_img-v3_cotton-candy-machine-m100-1.2.jpg\" alt=\"\" class=\"wp-image-142\"\/><\/figure>\n<\/div>\n\n\n\n<div class=\"wp-block-column is-layout-flow wp-block-column-is-layout-flow\" style=\"flex-basis:66.66%\">\n<p><strong>MACHINE A BARBE A PAPA<\/strong><\/p>\n\n\n\n<p>Utilisation simple avec dosette<\/p>\n\n\n\n<p>Tarif journ\u00e9e en semaine : 40 \u20ac weekend : 50 \u20ac<br>Kit 50 Barbes \u00e0 papa : 15 \u20ac<\/p>\n<\/div>\n<\/div>\n\n\n\n<div class=\"wp-block-columns is-layout-flex wp-container-core-columns-is-layout-9d6595d7 wp-block-columns-is-layout-flex\">\n<div class=\"wp-block-column is-layout-flow wp-block-column-is-layout-flow\" style=\"flex-basis:33.33%\">\n<figure class=\"wp-block-image size-full\"><img loading=\"lazy\" decoding=\"async\" width=\"300\" height=\"262\" src=\"https:\/\/shd-evenements.fr\/wp-content\/uploads\/2025\/09\/CREPIERE-400FE-ou-400FG.jpg\" alt=\"\" class=\"wp-image-144\"\/><\/figure>\n<\/div>\n\n\n\n<div class=\"wp-block-column is-layout-flow wp-block-column-is-layout-flow\" style=\"flex-basis:66.66%\">\n<p><strong>CREPIERE DIAM 40 CM<\/strong><\/p>\n\n\n\n<p>Tarif journ\u00e9e en semaine : 30 \u20ac weekend : 40 \u20ac<\/p>\n<\/div>\n<\/div>\n\n\n\n<div class=\"wp-block-columns is-layout-flex wp-container-core-columns-is-layout-9d6595d7 wp-block-columns-is-layout-flex\">\n<div class=\"wp-block-column is-layout-flow wp-block-column-is-layout-flow\" style=\"flex-basis:33.33%\">\n<figure class=\"wp-block-image size-full\"><img loading=\"lazy\" decoding=\"async\" width=\"500\" height=\"500\" src=\"https:\/\/shd-evenements.fr\/wp-content\/uploads\/2025\/09\/fr_HFBJDTXZHFLHT2205V2_goods_img-v2_waffle-maker-m100-1.2.jpg\" alt=\"\" class=\"wp-image-145\"\/><\/figure>\n<\/div>\n\n\n\n<div class=\"wp-block-column is-layout-flow wp-block-column-is-layout-flow\" style=\"flex-basis:66.66%\">\n<p><strong>GAUFRIER ELECTRIQUE<\/strong><\/p>\n\n\n\n<p>1100w Gaufrier Electrique Rotatif<\/p>\n\n\n\n<p>Tarif journ\u00e9e en semaine : 30 \u20ac weekend : 40 \u20ac<\/p>\n<\/div>\n<\/div>\n","protected":false},"excerpt":{"rendered":"<p>MACHINE A POP CORN Tarif journ\u00e9e en semaine : 60 \u20ac weekend : 75 \u20acoption charrette : 10 \u20acKit 50 cornets popcorn : 15 \u20ac MACHINE A GRANITA Id\u00e9al pour se&nbsp;rafra\u00eechir&nbsp; 2 BACS Tarif journ\u00e9e en semaine : 60 \u20ac weekend : 75 \u20acSans consommables MACHINE A BARBE A PAPA Utilisation simple avec dosette Tarif [&hellip;]<\/p>\n","protected":false},"author":1,"featured_media":0,"parent":0,"menu_order":0,"comment_status":"closed","ping_status":"closed","template":"","meta":{"footnotes":""},"class_list":["post-18","page","type-page","status-publish","hentry"],"yoast_head":"<!-- This site is optimized with the Yoast SEO plugin v27.0 - https:\/\/yoast.com\/product\/yoast-seo-wordpress\/ -->\n<title>Machines sucr\u00e9es - SHD Ev\u00e9nements<\/title>\n<meta name=\"robots\" content=\"index, follow, max-snippet:-1, max-image-preview:large, max-video-preview:-1\" \/>\n<link rel=\"canonical\" href=\"https:\/\/shd-evenements.fr\/index.php\/machines-sucrees\/\" \/>\n<meta property=\"og:locale\" content=\"fr_FR\" \/>\n<meta property=\"og:type\" content=\"article\" \/>\n<meta property=\"og:title\" content=\"Machines sucr\u00e9es - SHD Ev\u00e9nements\" \/>\n<meta property=\"og:description\" content=\"MACHINE A POP CORN Tarif journ\u00e9e en semaine : 60 \u20ac weekend : 75 \u20acoption charrette : 10 \u20acKit 50 cornets popcorn : 15 \u20ac MACHINE A GRANITA Id\u00e9al pour se&nbsp;rafra\u00eechir&nbsp; 2 BACS Tarif journ\u00e9e en semaine : 60 \u20ac weekend : 75 \u20acSans consommables MACHINE A BARBE A PAPA Utilisation simple avec dosette Tarif [&hellip;]\" \/>\n<meta property=\"og:url\" content=\"https:\/\/shd-evenements.fr\/index.php\/machines-sucrees\/\" \/>\n<meta property=\"og:site_name\" content=\"SHD Ev\u00e9nements\" \/>\n<meta property=\"article:modified_time\" content=\"2025-09-30T13:05:38+00:00\" \/>\n<meta property=\"og:image\" content=\"https:\/\/shd-evenements.fr\/wp-content\/uploads\/2025\/09\/popcorn1-removebg-preview.png\" \/>\n\t<meta property=\"og:image:width\" content=\"160\" \/>\n\t<meta property=\"og:image:height\" content=\"300\" \/>\n\t<meta property=\"og:image:type\" content=\"image\/png\" \/>\n<meta name=\"twitter:card\" content=\"summary_large_image\" \/>\n<meta name=\"twitter:label1\" content=\"Dur\u00e9e de lecture estim\u00e9e\" \/>\n\t<meta name=\"twitter:data1\" content=\"1 minute\" \/>\n<script type=\"application\/ld+json\" class=\"yoast-schema-graph\">{\"@context\":\"https:\/\/schema.org\",\"@graph\":[{\"@type\":\"WebPage\",\"@id\":\"https:\/\/shd-evenements.fr\/index.php\/machines-sucrees\/\",\"url\":\"https:\/\/shd-evenements.fr\/index.php\/machines-sucrees\/\",\"name\":\"Machines sucr\u00e9es - SHD Ev\u00e9nements\",\"isPartOf\":{\"@id\":\"https:\/\/shd-evenements.fr\/#website\"},\"primaryImageOfPage\":{\"@id\":\"https:\/\/shd-evenements.fr\/index.php\/machines-sucrees\/#primaryimage\"},\"image\":{\"@id\":\"https:\/\/shd-evenements.fr\/index.php\/machines-sucrees\/#primaryimage\"},\"thumbnailUrl\":\"https:\/\/shd-evenements.fr\/wp-content\/uploads\/2025\/09\/popcorn1-removebg-preview.png\",\"datePublished\":\"2025-09-24T17:10:38+00:00\",\"dateModified\":\"2025-09-30T13:05:38+00:00\",\"breadcrumb\":{\"@id\":\"https:\/\/shd-evenements.fr\/index.php\/machines-sucrees\/#breadcrumb\"},\"inLanguage\":\"fr-FR\",\"potentialAction\":[{\"@type\":\"ReadAction\",\"target\":[\"https:\/\/shd-evenements.fr\/index.php\/machines-sucrees\/\"]}]},{\"@type\":\"ImageObject\",\"inLanguage\":\"fr-FR\",\"@id\":\"https:\/\/shd-evenements.fr\/index.php\/machines-sucrees\/#primaryimage\",\"url\":\"https:\/\/shd-evenements.fr\/wp-content\/uploads\/2025\/09\/popcorn1-removebg-preview.png\",\"contentUrl\":\"https:\/\/shd-evenements.fr\/wp-content\/uploads\/2025\/09\/popcorn1-removebg-preview.png\",\"width\":160,\"height\":300},{\"@type\":\"BreadcrumbList\",\"@id\":\"https:\/\/shd-evenements.fr\/index.php\/machines-sucrees\/#breadcrumb\",\"itemListElement\":[{\"@type\":\"ListItem\",\"position\":1,\"name\":\"Accueil\",\"item\":\"https:\/\/shd-evenements.fr\/\"},{\"@type\":\"ListItem\",\"position\":2,\"name\":\"Machines sucr\u00e9es\"}]},{\"@type\":\"WebSite\",\"@id\":\"https:\/\/shd-evenements.fr\/#website\",\"url\":\"https:\/\/shd-evenements.fr\/\",\"name\":\"SHD Ev\u00e9nements\",\"description\":\"Nos limites sont celle de votre imagination\",\"potentialAction\":[{\"@type\":\"SearchAction\",\"target\":{\"@type\":\"EntryPoint\",\"urlTemplate\":\"https:\/\/shd-evenements.fr\/?s={search_term_string}\"},\"query-input\":{\"@type\":\"PropertyValueSpecification\",\"valueRequired\":true,\"valueName\":\"search_term_string\"}}],\"inLanguage\":\"fr-FR\"}]}<\/script>\n<!-- \/ Yoast SEO plugin. -->","yoast_head_json":{"title":"Machines sucr\u00e9es - SHD Ev\u00e9nements","robots":{"index":"index","follow":"follow","max-snippet":"max-snippet:-1","max-image-preview":"max-image-preview:large","max-video-preview":"max-video-preview:-1"},"canonical":"https:\/\/shd-evenements.fr\/index.php\/machines-sucrees\/","og_locale":"fr_FR","og_type":"article","og_title":"Machines sucr\u00e9es - SHD Ev\u00e9nements","og_description":"MACHINE A POP CORN Tarif journ\u00e9e en semaine : 60 \u20ac weekend : 75 \u20acoption charrette : 10 \u20acKit 50 cornets popcorn : 15 \u20ac MACHINE A GRANITA Id\u00e9al pour se&nbsp;rafra\u00eechir&nbsp; 2 BACS Tarif journ\u00e9e en semaine : 60 \u20ac weekend : 75 \u20acSans consommables MACHINE A BARBE A PAPA Utilisation simple avec dosette Tarif [&hellip;]","og_url":"https:\/\/shd-evenements.fr\/index.php\/machines-sucrees\/","og_site_name":"SHD Ev\u00e9nements","article_modified_time":"2025-09-30T13:05:38+00:00","og_image":[{"width":160,"height":300,"url":"https:\/\/shd-evenements.fr\/wp-content\/uploads\/2025\/09\/popcorn1-removebg-preview.png","type":"image\/png"}],"twitter_card":"summary_large_image","twitter_misc":{"Dur\u00e9e de lecture estim\u00e9e":"1 minute"},"schema":{"@context":"https:\/\/schema.org","@graph":[{"@type":"WebPage","@id":"https:\/\/shd-evenements.fr\/index.php\/machines-sucrees\/","url":"https:\/\/shd-evenements.fr\/index.php\/machines-sucrees\/","name":"Machines sucr\u00e9es - SHD Ev\u00e9nements","isPartOf":{"@id":"https:\/\/shd-evenements.fr\/#website"},"primaryImageOfPage":{"@id":"https:\/\/shd-evenements.fr\/index.php\/machines-sucrees\/#primaryimage"},"image":{"@id":"https:\/\/shd-evenements.fr\/index.php\/machines-sucrees\/#primaryimage"},"thumbnailUrl":"https:\/\/shd-evenements.fr\/wp-content\/uploads\/2025\/09\/popcorn1-removebg-preview.png","datePublished":"2025-09-24T17:10:38+00:00","dateModified":"2025-09-30T13:05:38+00:00","breadcrumb":{"@id":"https:\/\/shd-evenements.fr\/index.php\/machines-sucrees\/#breadcrumb"},"inLanguage":"fr-FR","potentialAction":[{"@type":"ReadAction","target":["https:\/\/shd-evenements.fr\/index.php\/machines-sucrees\/"]}]},{"@type":"ImageObject","inLanguage":"fr-FR","@id":"https:\/\/shd-evenements.fr\/index.php\/machines-sucrees\/#primaryimage","url":"https:\/\/shd-evenements.fr\/wp-content\/uploads\/2025\/09\/popcorn1-removebg-preview.png","contentUrl":"https:\/\/shd-evenements.fr\/wp-content\/uploads\/2025\/09\/popcorn1-removebg-preview.png","width":160,"height":300},{"@type":"BreadcrumbList","@id":"https:\/\/shd-evenements.fr\/index.php\/machines-sucrees\/#breadcrumb","itemListElement":[{"@type":"ListItem","position":1,"name":"Accueil","item":"https:\/\/shd-evenements.fr\/"},{"@type":"ListItem","position":2,"name":"Machines sucr\u00e9es"}]},{"@type":"WebSite","@id":"https:\/\/shd-evenements.fr\/#website","url":"https:\/\/shd-evenements.fr\/","name":"SHD Ev\u00e9nements","description":"Nos limites sont celle de votre imagination","potentialAction":[{"@type":"SearchAction","target":{"@type":"EntryPoint","urlTemplate":"https:\/\/shd-evenements.fr\/?s={search_term_string}"},"query-input":{"@type":"PropertyValueSpecification","valueRequired":true,"valueName":"search_term_string"}}],"inLanguage":"fr-FR"}]}},"_links":{"self":[{"href":"https:\/\/shd-evenements.fr\/index.php\/wp-json\/wp\/v2\/pages\/18","targetHints":{"allow":["GET"]}}],"collection":[{"href":"https:\/\/shd-evenements.fr\/index.php\/wp-json\/wp\/v2\/pages"}],"about":[{"href":"https:\/\/shd-evenements.fr\/index.php\/wp-json\/wp\/v2\/types\/page"}],"author":[{"embeddable":true,"href":"https:\/\/shd-evenements.fr\/index.php\/wp-json\/wp\/v2\/users\/1"}],"replies":[{"embeddable":true,"href":"https:\/\/shd-evenements.fr\/index.php\/wp-json\/wp\/v2\/comments?post=18"}],"version-history":[{"count":4,"href":"https:\/\/shd-evenements.fr\/index.php\/wp-json\/wp\/v2\/pages\/18\/revisions"}],"predecessor-version":[{"id":146,"href":"https:\/\/shd-evenements.fr\/index.php\/wp-json\/wp\/v2\/pages\/18\/revisions\/146"}],"wp:attachment":[{"href":"https:\/\/shd-evenements.fr\/index.php\/wp-json\/wp\/v2\/media?parent=18"}],"curies":[{"name":"wp","href":"https:\/\/api.w.org\/{rel}","templated":true}]}}