{"id":22,"date":"2025-09-24T17:12:09","date_gmt":"2025-09-24T17:12:09","guid":{"rendered":"https:\/\/shd-evenements.fr\/?page_id=22"},"modified":"2025-10-01T13:34:37","modified_gmt":"2025-10-01T13:34:37","slug":"reception","status":"publish","type":"page","link":"https:\/\/shd-evenements.fr\/index.php\/reception\/","title":{"rendered":"R\u00e9ception"},"content":{"rendered":"<div class=\"wp-block-image\">\n<figure class=\"aligncenter size-full is-resized\"><img loading=\"lazy\" decoding=\"async\" width=\"720\" height=\"482\" src=\"https:\/\/shd-evenements.fr\/wp-content\/uploads\/2025\/09\/11200763_10204215119407485_2071777033202058244_n.jpg\" alt=\"\" class=\"wp-image-76\" style=\"width:510px;height:auto\"\/><\/figure>\n<\/div>\n\n\n<p>Location tente de r\u00e9ception professionnelle de type Barnum (montage tr\u00e8s rapide avec cot\u00e9s). Son installation simple et rapide vous \u00e9vite les frais de montage et d\u00e9montage. Compos\u00e9e de 4 c\u00f4t\u00e9s, vous pourrez l\u2019adapter \u00e0 vos besoins.<\/p>\n\n\n\n<div class=\"wp-block-columns is-layout-flex wp-container-core-columns-is-layout-9d6595d7 wp-block-columns-is-layout-flex\">\n<div class=\"wp-block-column is-layout-flow wp-block-column-is-layout-flow\">\n<figure class=\"wp-block-image size-full\"><img loading=\"lazy\" decoding=\"async\" width=\"2560\" height=\"1718\" src=\"https:\/\/shd-evenements.fr\/wp-content\/uploads\/2025\/09\/4x4web1-scaled.jpg\" alt=\"\" class=\"wp-image-169\"\/><\/figure>\n<\/div>\n\n\n\n<div class=\"wp-block-column is-layout-flow wp-block-column-is-layout-flow\">\n<h2 class=\"wp-block-heading\">Barnum 3 x 3<\/h2>\n\n\n\n<p>La structure du barnum en profil\u00e9s hexagonaux aluminium de 40\/45mm et les croisillons \u00e0 renfort interne offrent le meilleur compromis entre poids et solidit\u00e9.<br>Montage tr\u00e8s rapide 2 personnes<br>Tarif : 50 \u20ac hors livraison et montage<\/p>\n<\/div>\n<\/div>\n\n\n\n<div class=\"wp-block-columns is-layout-flex wp-container-core-columns-is-layout-9d6595d7 wp-block-columns-is-layout-flex\">\n<div class=\"wp-block-column is-layout-flow wp-block-column-is-layout-flow\">\n<figure class=\"wp-block-image size-full\"><img loading=\"lazy\" decoding=\"async\" width=\"2560\" height=\"1440\" src=\"https:\/\/shd-evenements.fr\/wp-content\/uploads\/2025\/09\/20140606_163704-scaled.jpg\" alt=\"\" class=\"wp-image-170\"\/><\/figure>\n<\/div>\n\n\n\n<div class=\"wp-block-column is-layout-flow wp-block-column-is-layout-flow\">\n<h2 class=\"wp-block-heading\">Barnum 4 x 8<\/h2>\n\n\n\n<p>La structure du barnum en profil\u00e9s hexagonaux aluminium de 40\/45mm et les croisillons \u00e0 renfort interne offrent le meilleur compromis entre poids et solidit\u00e9.<br>Montage rapide 3 personnes<br>Tarif : 150 \u20ac hors livraison et montage<\/p>\n<\/div>\n<\/div>\n\n\n\n<div class=\"wp-block-columns is-layout-flex wp-container-core-columns-is-layout-9d6595d7 wp-block-columns-is-layout-flex\">\n<div class=\"wp-block-column is-layout-flow wp-block-column-is-layout-flow\">\n<figure class=\"wp-block-image size-full\"><img loading=\"lazy\" decoding=\"async\" width=\"300\" height=\"233\" src=\"https:\/\/shd-evenements.fr\/wp-content\/uploads\/2025\/09\/mange-debout-300x233-1-1.jpg\" alt=\"\" class=\"wp-image-172\"\/><\/figure>\n<\/div>\n\n\n\n<div class=\"wp-block-column is-layout-flow wp-block-column-is-layout-flow\">\n<h2 class=\"wp-block-heading\"><strong>Mange Debout<\/strong><\/h2>\n\n\n\n<p>Tarif : 8 \u20ac<br>Tarif : avec house noire : 15 \u20ac<\/p>\n<\/div>\n<\/div>\n\n\n\n<div class=\"wp-block-columns is-layout-flex wp-container-core-columns-is-layout-9d6595d7 wp-block-columns-is-layout-flex\">\n<div class=\"wp-block-column is-layout-flow wp-block-column-is-layout-flow\">\n<figure class=\"wp-block-image size-full\"><img loading=\"lazy\" decoding=\"async\" width=\"283\" height=\"424\" src=\"https:\/\/shd-evenements.fr\/wp-content\/uploads\/2025\/09\/vaiselle.jpg\" alt=\"\" class=\"wp-image-173\"\/><\/figure>\n<\/div>\n\n\n\n<div class=\"wp-block-column is-layout-flow wp-block-column-is-layout-flow\">\n<h2 class=\"wp-block-heading\"><strong>Kit Vaisselle<\/strong><\/h2>\n\n\n\n<p>Comprenant : <br>1 assiette plate, 1 assiette \u00e0 dessert,<br>1 verre \u00e0 eau, 1 verre a vin, <br>1 couteau, 1 fourchette, 1 cuill\u00e8re \u00e0 caf\u00e9.<\/p>\n\n\n\n<p>Vaisselle reprise sale<\/p>\n\n\n\n<p>Tarif : 5 \u20ac<\/p>\n<\/div>\n<\/div>\n","protected":false},"excerpt":{"rendered":"<p>Location tente de r\u00e9ception professionnelle de type Barnum (montage tr\u00e8s rapide avec cot\u00e9s). Son installation simple et rapide vous \u00e9vite les frais de montage et d\u00e9montage. Compos\u00e9e de 4 c\u00f4t\u00e9s, vous pourrez l\u2019adapter \u00e0 vos besoins. Barnum 3 x 3 La structure du barnum en profil\u00e9s hexagonaux aluminium de 40\/45mm et les croisillons \u00e0 renfort [&hellip;]<\/p>\n","protected":false},"author":1,"featured_media":0,"parent":0,"menu_order":0,"comment_status":"closed","ping_status":"closed","template":"","meta":{"footnotes":""},"class_list":["post-22","page","type-page","status-publish","hentry"],"yoast_head":"<!-- This site is optimized with the Yoast SEO plugin v27.0 - https:\/\/yoast.com\/product\/yoast-seo-wordpress\/ -->\n<title>R\u00e9ception - SHD Ev\u00e9nements<\/title>\n<meta name=\"robots\" content=\"index, follow, max-snippet:-1, max-image-preview:large, max-video-preview:-1\" \/>\n<link rel=\"canonical\" href=\"https:\/\/shd-evenements.fr\/index.php\/reception\/\" \/>\n<meta property=\"og:locale\" content=\"fr_FR\" \/>\n<meta property=\"og:type\" content=\"article\" \/>\n<meta property=\"og:title\" content=\"R\u00e9ception - SHD Ev\u00e9nements\" \/>\n<meta property=\"og:description\" content=\"Location tente de r\u00e9ception professionnelle de type Barnum (montage tr\u00e8s rapide avec cot\u00e9s). Son installation simple et rapide vous \u00e9vite les frais de montage et d\u00e9montage. Compos\u00e9e de 4 c\u00f4t\u00e9s, vous pourrez l\u2019adapter \u00e0 vos besoins. Barnum 3 x 3 La structure du barnum en profil\u00e9s hexagonaux aluminium de 40\/45mm et les croisillons \u00e0 renfort [&hellip;]\" \/>\n<meta property=\"og:url\" content=\"https:\/\/shd-evenements.fr\/index.php\/reception\/\" \/>\n<meta property=\"og:site_name\" content=\"SHD Ev\u00e9nements\" \/>\n<meta property=\"article:modified_time\" content=\"2025-10-01T13:34:37+00:00\" \/>\n<meta property=\"og:image\" content=\"https:\/\/shd-evenements.fr\/wp-content\/uploads\/2025\/09\/11200763_10204215119407485_2071777033202058244_n.jpg\" \/>\n\t<meta property=\"og:image:width\" content=\"720\" \/>\n\t<meta property=\"og:image:height\" content=\"482\" \/>\n\t<meta property=\"og:image:type\" content=\"image\/jpeg\" \/>\n<meta name=\"twitter:card\" content=\"summary_large_image\" \/>\n<meta name=\"twitter:label1\" content=\"Dur\u00e9e de lecture estim\u00e9e\" \/>\n\t<meta name=\"twitter:data1\" content=\"1 minute\" \/>\n<script type=\"application\/ld+json\" class=\"yoast-schema-graph\">{\"@context\":\"https:\/\/schema.org\",\"@graph\":[{\"@type\":\"WebPage\",\"@id\":\"https:\/\/shd-evenements.fr\/index.php\/reception\/\",\"url\":\"https:\/\/shd-evenements.fr\/index.php\/reception\/\",\"name\":\"R\u00e9ception - SHD Ev\u00e9nements\",\"isPartOf\":{\"@id\":\"https:\/\/shd-evenements.fr\/#website\"},\"primaryImageOfPage\":{\"@id\":\"https:\/\/shd-evenements.fr\/index.php\/reception\/#primaryimage\"},\"image\":{\"@id\":\"https:\/\/shd-evenements.fr\/index.php\/reception\/#primaryimage\"},\"thumbnailUrl\":\"https:\/\/shd-evenements.fr\/wp-content\/uploads\/2025\/09\/11200763_10204215119407485_2071777033202058244_n.jpg\",\"datePublished\":\"2025-09-24T17:12:09+00:00\",\"dateModified\":\"2025-10-01T13:34:37+00:00\",\"breadcrumb\":{\"@id\":\"https:\/\/shd-evenements.fr\/index.php\/reception\/#breadcrumb\"},\"inLanguage\":\"fr-FR\",\"potentialAction\":[{\"@type\":\"ReadAction\",\"target\":[\"https:\/\/shd-evenements.fr\/index.php\/reception\/\"]}]},{\"@type\":\"ImageObject\",\"inLanguage\":\"fr-FR\",\"@id\":\"https:\/\/shd-evenements.fr\/index.php\/reception\/#primaryimage\",\"url\":\"https:\/\/shd-evenements.fr\/wp-content\/uploads\/2025\/09\/11200763_10204215119407485_2071777033202058244_n.jpg\",\"contentUrl\":\"https:\/\/shd-evenements.fr\/wp-content\/uploads\/2025\/09\/11200763_10204215119407485_2071777033202058244_n.jpg\",\"width\":720,\"height\":482},{\"@type\":\"BreadcrumbList\",\"@id\":\"https:\/\/shd-evenements.fr\/index.php\/reception\/#breadcrumb\",\"itemListElement\":[{\"@type\":\"ListItem\",\"position\":1,\"name\":\"Accueil\",\"item\":\"https:\/\/shd-evenements.fr\/\"},{\"@type\":\"ListItem\",\"position\":2,\"name\":\"R\u00e9ception\"}]},{\"@type\":\"WebSite\",\"@id\":\"https:\/\/shd-evenements.fr\/#website\",\"url\":\"https:\/\/shd-evenements.fr\/\",\"name\":\"SHD Ev\u00e9nements\",\"description\":\"Nos limites sont celle de votre imagination\",\"potentialAction\":[{\"@type\":\"SearchAction\",\"target\":{\"@type\":\"EntryPoint\",\"urlTemplate\":\"https:\/\/shd-evenements.fr\/?s={search_term_string}\"},\"query-input\":{\"@type\":\"PropertyValueSpecification\",\"valueRequired\":true,\"valueName\":\"search_term_string\"}}],\"inLanguage\":\"fr-FR\"}]}<\/script>\n<!-- \/ Yoast SEO plugin. -->","yoast_head_json":{"title":"R\u00e9ception - SHD Ev\u00e9nements","robots":{"index":"index","follow":"follow","max-snippet":"max-snippet:-1","max-image-preview":"max-image-preview:large","max-video-preview":"max-video-preview:-1"},"canonical":"https:\/\/shd-evenements.fr\/index.php\/reception\/","og_locale":"fr_FR","og_type":"article","og_title":"R\u00e9ception - SHD Ev\u00e9nements","og_description":"Location tente de r\u00e9ception professionnelle de type Barnum (montage tr\u00e8s rapide avec cot\u00e9s). Son installation simple et rapide vous \u00e9vite les frais de montage et d\u00e9montage. Compos\u00e9e de 4 c\u00f4t\u00e9s, vous pourrez l\u2019adapter \u00e0 vos besoins. Barnum 3 x 3 La structure du barnum en profil\u00e9s hexagonaux aluminium de 40\/45mm et les croisillons \u00e0 renfort [&hellip;]","og_url":"https:\/\/shd-evenements.fr\/index.php\/reception\/","og_site_name":"SHD Ev\u00e9nements","article_modified_time":"2025-10-01T13:34:37+00:00","og_image":[{"width":720,"height":482,"url":"https:\/\/shd-evenements.fr\/wp-content\/uploads\/2025\/09\/11200763_10204215119407485_2071777033202058244_n.jpg","type":"image\/jpeg"}],"twitter_card":"summary_large_image","twitter_misc":{"Dur\u00e9e de lecture estim\u00e9e":"1 minute"},"schema":{"@context":"https:\/\/schema.org","@graph":[{"@type":"WebPage","@id":"https:\/\/shd-evenements.fr\/index.php\/reception\/","url":"https:\/\/shd-evenements.fr\/index.php\/reception\/","name":"R\u00e9ception - SHD Ev\u00e9nements","isPartOf":{"@id":"https:\/\/shd-evenements.fr\/#website"},"primaryImageOfPage":{"@id":"https:\/\/shd-evenements.fr\/index.php\/reception\/#primaryimage"},"image":{"@id":"https:\/\/shd-evenements.fr\/index.php\/reception\/#primaryimage"},"thumbnailUrl":"https:\/\/shd-evenements.fr\/wp-content\/uploads\/2025\/09\/11200763_10204215119407485_2071777033202058244_n.jpg","datePublished":"2025-09-24T17:12:09+00:00","dateModified":"2025-10-01T13:34:37+00:00","breadcrumb":{"@id":"https:\/\/shd-evenements.fr\/index.php\/reception\/#breadcrumb"},"inLanguage":"fr-FR","potentialAction":[{"@type":"ReadAction","target":["https:\/\/shd-evenements.fr\/index.php\/reception\/"]}]},{"@type":"ImageObject","inLanguage":"fr-FR","@id":"https:\/\/shd-evenements.fr\/index.php\/reception\/#primaryimage","url":"https:\/\/shd-evenements.fr\/wp-content\/uploads\/2025\/09\/11200763_10204215119407485_2071777033202058244_n.jpg","contentUrl":"https:\/\/shd-evenements.fr\/wp-content\/uploads\/2025\/09\/11200763_10204215119407485_2071777033202058244_n.jpg","width":720,"height":482},{"@type":"BreadcrumbList","@id":"https:\/\/shd-evenements.fr\/index.php\/reception\/#breadcrumb","itemListElement":[{"@type":"ListItem","position":1,"name":"Accueil","item":"https:\/\/shd-evenements.fr\/"},{"@type":"ListItem","position":2,"name":"R\u00e9ception"}]},{"@type":"WebSite","@id":"https:\/\/shd-evenements.fr\/#website","url":"https:\/\/shd-evenements.fr\/","name":"SHD Ev\u00e9nements","description":"Nos limites sont celle de votre imagination","potentialAction":[{"@type":"SearchAction","target":{"@type":"EntryPoint","urlTemplate":"https:\/\/shd-evenements.fr\/?s={search_term_string}"},"query-input":{"@type":"PropertyValueSpecification","valueRequired":true,"valueName":"search_term_string"}}],"inLanguage":"fr-FR"}]}},"_links":{"self":[{"href":"https:\/\/shd-evenements.fr\/index.php\/wp-json\/wp\/v2\/pages\/22","targetHints":{"allow":["GET"]}}],"collection":[{"href":"https:\/\/shd-evenements.fr\/index.php\/wp-json\/wp\/v2\/pages"}],"about":[{"href":"https:\/\/shd-evenements.fr\/index.php\/wp-json\/wp\/v2\/types\/page"}],"author":[{"embeddable":true,"href":"https:\/\/shd-evenements.fr\/index.php\/wp-json\/wp\/v2\/users\/1"}],"replies":[{"embeddable":true,"href":"https:\/\/shd-evenements.fr\/index.php\/wp-json\/wp\/v2\/comments?post=22"}],"version-history":[{"count":4,"href":"https:\/\/shd-evenements.fr\/index.php\/wp-json\/wp\/v2\/pages\/22\/revisions"}],"predecessor-version":[{"id":196,"href":"https:\/\/shd-evenements.fr\/index.php\/wp-json\/wp\/v2\/pages\/22\/revisions\/196"}],"wp:attachment":[{"href":"https:\/\/shd-evenements.fr\/index.php\/wp-json\/wp\/v2\/media?parent=22"}],"curies":[{"name":"wp","href":"https:\/\/api.w.org\/{rel}","templated":true}]}}