{"id":234,"date":"2025-10-01T19:25:23","date_gmt":"2025-10-01T19:25:23","guid":{"rendered":"https:\/\/shd-evenements.fr\/?page_id=234"},"modified":"2025-10-01T19:49:31","modified_gmt":"2025-10-01T19:49:31","slug":"qui-sommes-nous","status":"publish","type":"page","link":"https:\/\/shd-evenements.fr\/index.php\/qui-sommes-nous\/","title":{"rendered":"Qui sommes-nous ?"},"content":{"rendered":"\n<p>Bienvenue chez <strong>SHD \u00c9v\u00e9nements<\/strong>, votre partenaire pour des moments inoubliables !<\/p>\n\n\n\n<p>Nous sommes <strong>Sandrine et Herv\u00e9<\/strong>, un couple passionn\u00e9 et exp\u00e9riment\u00e9, originaire des Hauts-de-France et r\u00e9cemment install\u00e9 dans la magnifique r\u00e9gion du Lot-et-Garonne. Depuis plus de 30 ans, nous unissons nos comp\u00e9tences, notre cr\u00e9ativit\u00e9 et notre passion pour l\u2019\u00e9v\u00e9nementiel et le spectacle.<\/p>\n\n\n\n<p><strong>Herv\u00e9<\/strong>, animateur de soir\u00e9es depuis l\u2019\u00e2ge de 18 ans, s\u2019est rapidement impos\u00e9 comme artiste professionnel dans le domaine de la magie avec <strong>HTLM Magic<\/strong> et <strong>Elixir Spectacles<\/strong>. Fort de son exp\u00e9rience \u00e0 la t\u00eate de plusieurs agences \u00e9v\u00e9nementielles telles que <strong>Nord-Anim<\/strong> et <strong>Faites la F\u00eate<\/strong>, il a d\u00e9cid\u00e9 de cr\u00e9er <strong>SHD \u00c9v\u00e9nements<\/strong> avec Sandrine pour proposer des prestations sur mesure et de qualit\u00e9.<\/p>\n\n\n\n<p><strong>Sandrine<\/strong>, assistante en magie et sp\u00e9cialiste de l\u2019\u00e9v\u00e9nementiel et artistique, a particip\u00e9 \u00e0 de nombreux spectacles, allant de la magie \u00e0 la sculpture sur ballon. Elle met toute son \u00e9nergie et sa cr\u00e9ativit\u00e9 au service du d\u00e9veloppement de <strong>SHD \u00c9v\u00e9nements<\/strong>, pour vous garantir des \u00e9v\u00e9nements uniques et m\u00e9morables.<\/p>\n\n\n\n<p>Ensemble, nous avons organis\u00e9 <strong>plus de 30 ans d\u2019\u00e9v\u00e9nements<\/strong> pour des grandes enseignes telles que <strong>Aldi, Leclerc, Lidl, Toyota<\/strong>, et sur des sc\u00e8nes prestigieuses comme le <strong>Pavillon Baltard, le Z\u00e9nith de Dijon, le Casino de Saint-Amand<\/strong>, ainsi que de nombreux th\u00e9\u00e2tres \u00e0 travers la France.<\/p>\n\n\n\n<p>Chez <strong>SHD \u00c9v\u00e9nements<\/strong>, chaque projet est une aventure humaine et cr\u00e9ative. Notre objectif : faire de vos \u00e9v\u00e9nements un moment exceptionnel, parfaitement orchestr\u00e9 et plein de magie.<\/p>\n\n\n\n<p>Voici quelques exemples de nos prestations dans les hauts de France :<br><a href=\"https:\/\/www.youtube.com\/watch?v=wP-vlIJ0Tgw\" target=\"_blank\" rel=\"noreferrer noopener\">https:\/\/www.youtube.com\/watch?v=wP-vlIJ0Tgw<\/a> soir\u00e9e casino<br><a href=\"https:\/\/www.youtube.com\/watch?v=jywj115ClH0\" target=\"_blank\" rel=\"noreferrer noopener\">https:\/\/www.youtube.com\/watch?v=jywj115ClH0<\/a> organisation arbre de no\u00ebl pour comit\u00e9 d&rsquo;entreprise<br><a href=\"https:\/\/www.youtube.com\/watch?v=NOu8c-cjfdE\" target=\"_blank\" rel=\"noreferrer noopener\">https:\/\/www.youtube.com\/watch?v=NOu8c-cjfdE<\/a> soir\u00e9e Cowboys pour la societe g\u00e9n\u00e9rale<br><a href=\"https:\/\/www.youtube.com\/watch?v=j8DJN_RRzkI\" target=\"_blank\" rel=\"noreferrer noopener\">https:\/\/www.youtube.com\/watch?v=j8DJN_RRzkI<\/a> spectacle cabaret<br><a href=\"https:\/\/www.youtube.com\/watch?v=NqxY5b7qzmE\" target=\"_blank\" rel=\"noreferrer noopener\">https:\/\/www.youtube.com\/watch?v=NqxY5b7qzmE<\/a> olympiade pour une coh\u00e9sion entreprise <br><a href=\"https:\/\/www.youtube.com\/watch?v=82bzPt4o378\" target=\"_blank\" rel=\"noreferrer noopener\">https:\/\/www.youtube.com\/watch?v=82bzPt4o378<\/a> spectacle enfants<br><a href=\"https:\/\/www.youtube.com\/watch?v=6QN3V50JkME\" target=\"_blank\" rel=\"noreferrer noopener\">https:\/\/www.youtube.com\/watch?v=6QN3V50JkME<\/a> spectacle enfants halloween<br><a href=\"https:\/\/www.youtube.com\/watch?v=Jr_yKc16q6Q\" target=\"_blank\" rel=\"noreferrer noopener\">https:\/\/www.youtube.com\/watch?v=Jr_yKc16q6Q<\/a> conte f\u00e9erique<br><a href=\"https:\/\/www.youtube.com\/watch?v=e8dtlac40SI\" target=\"_blank\" rel=\"noreferrer noopener\">https:\/\/www.youtube.com\/watch?v=e8dtlac40SI<\/a> nos soir\u00e9es karaok\u00e9 aux 3 brasseurs<\/p>\n","protected":false},"excerpt":{"rendered":"<p>Bienvenue chez SHD \u00c9v\u00e9nements, votre partenaire pour des moments inoubliables ! Nous sommes Sandrine et Herv\u00e9, un couple passionn\u00e9 et exp\u00e9riment\u00e9, originaire des Hauts-de-France et r\u00e9cemment install\u00e9 dans la magnifique r\u00e9gion du Lot-et-Garonne. Depuis plus de 30 ans, nous unissons nos comp\u00e9tences, notre cr\u00e9ativit\u00e9 et notre passion pour l\u2019\u00e9v\u00e9nementiel et le spectacle. Herv\u00e9, animateur de [&hellip;]<\/p>\n","protected":false},"author":2,"featured_media":0,"parent":0,"menu_order":0,"comment_status":"closed","ping_status":"closed","template":"","meta":{"footnotes":""},"class_list":["post-234","page","type-page","status-publish","hentry"],"yoast_head":"<!-- This site is optimized with the Yoast SEO plugin v27.0 - https:\/\/yoast.com\/product\/yoast-seo-wordpress\/ -->\n<title>Qui sommes-nous ? - SHD Ev\u00e9nements<\/title>\n<meta name=\"robots\" content=\"index, follow, max-snippet:-1, max-image-preview:large, max-video-preview:-1\" \/>\n<link rel=\"canonical\" href=\"https:\/\/shd-evenements.fr\/index.php\/qui-sommes-nous\/\" \/>\n<meta property=\"og:locale\" content=\"fr_FR\" \/>\n<meta property=\"og:type\" content=\"article\" \/>\n<meta property=\"og:title\" content=\"Qui sommes-nous ? - SHD Ev\u00e9nements\" \/>\n<meta property=\"og:description\" content=\"Bienvenue chez SHD \u00c9v\u00e9nements, votre partenaire pour des moments inoubliables ! Nous sommes Sandrine et Herv\u00e9, un couple passionn\u00e9 et exp\u00e9riment\u00e9, originaire des Hauts-de-France et r\u00e9cemment install\u00e9 dans la magnifique r\u00e9gion du Lot-et-Garonne. Depuis plus de 30 ans, nous unissons nos comp\u00e9tences, notre cr\u00e9ativit\u00e9 et notre passion pour l\u2019\u00e9v\u00e9nementiel et le spectacle. Herv\u00e9, animateur de [&hellip;]\" \/>\n<meta property=\"og:url\" content=\"https:\/\/shd-evenements.fr\/index.php\/qui-sommes-nous\/\" \/>\n<meta property=\"og:site_name\" content=\"SHD Ev\u00e9nements\" \/>\n<meta property=\"article:modified_time\" content=\"2025-10-01T19:49:31+00:00\" \/>\n<meta name=\"twitter:card\" content=\"summary_large_image\" \/>\n<meta name=\"twitter:label1\" content=\"Dur\u00e9e de lecture estim\u00e9e\" \/>\n\t<meta name=\"twitter:data1\" content=\"2 minutes\" \/>\n<script type=\"application\/ld+json\" class=\"yoast-schema-graph\">{\"@context\":\"https:\/\/schema.org\",\"@graph\":[{\"@type\":\"WebPage\",\"@id\":\"https:\/\/shd-evenements.fr\/index.php\/qui-sommes-nous\/\",\"url\":\"https:\/\/shd-evenements.fr\/index.php\/qui-sommes-nous\/\",\"name\":\"Qui sommes-nous ? - SHD Ev\u00e9nements\",\"isPartOf\":{\"@id\":\"https:\/\/shd-evenements.fr\/#website\"},\"datePublished\":\"2025-10-01T19:25:23+00:00\",\"dateModified\":\"2025-10-01T19:49:31+00:00\",\"breadcrumb\":{\"@id\":\"https:\/\/shd-evenements.fr\/index.php\/qui-sommes-nous\/#breadcrumb\"},\"inLanguage\":\"fr-FR\",\"potentialAction\":[{\"@type\":\"ReadAction\",\"target\":[\"https:\/\/shd-evenements.fr\/index.php\/qui-sommes-nous\/\"]}]},{\"@type\":\"BreadcrumbList\",\"@id\":\"https:\/\/shd-evenements.fr\/index.php\/qui-sommes-nous\/#breadcrumb\",\"itemListElement\":[{\"@type\":\"ListItem\",\"position\":1,\"name\":\"Accueil\",\"item\":\"https:\/\/shd-evenements.fr\/\"},{\"@type\":\"ListItem\",\"position\":2,\"name\":\"Qui sommes-nous ?\"}]},{\"@type\":\"WebSite\",\"@id\":\"https:\/\/shd-evenements.fr\/#website\",\"url\":\"https:\/\/shd-evenements.fr\/\",\"name\":\"SHD Ev\u00e9nements\",\"description\":\"Nos limites sont celle de votre imagination\",\"potentialAction\":[{\"@type\":\"SearchAction\",\"target\":{\"@type\":\"EntryPoint\",\"urlTemplate\":\"https:\/\/shd-evenements.fr\/?s={search_term_string}\"},\"query-input\":{\"@type\":\"PropertyValueSpecification\",\"valueRequired\":true,\"valueName\":\"search_term_string\"}}],\"inLanguage\":\"fr-FR\"}]}<\/script>\n<!-- \/ Yoast SEO plugin. -->","yoast_head_json":{"title":"Qui sommes-nous ? - SHD Ev\u00e9nements","robots":{"index":"index","follow":"follow","max-snippet":"max-snippet:-1","max-image-preview":"max-image-preview:large","max-video-preview":"max-video-preview:-1"},"canonical":"https:\/\/shd-evenements.fr\/index.php\/qui-sommes-nous\/","og_locale":"fr_FR","og_type":"article","og_title":"Qui sommes-nous ? - SHD Ev\u00e9nements","og_description":"Bienvenue chez SHD \u00c9v\u00e9nements, votre partenaire pour des moments inoubliables ! Nous sommes Sandrine et Herv\u00e9, un couple passionn\u00e9 et exp\u00e9riment\u00e9, originaire des Hauts-de-France et r\u00e9cemment install\u00e9 dans la magnifique r\u00e9gion du Lot-et-Garonne. Depuis plus de 30 ans, nous unissons nos comp\u00e9tences, notre cr\u00e9ativit\u00e9 et notre passion pour l\u2019\u00e9v\u00e9nementiel et le spectacle. Herv\u00e9, animateur de [&hellip;]","og_url":"https:\/\/shd-evenements.fr\/index.php\/qui-sommes-nous\/","og_site_name":"SHD Ev\u00e9nements","article_modified_time":"2025-10-01T19:49:31+00:00","twitter_card":"summary_large_image","twitter_misc":{"Dur\u00e9e de lecture estim\u00e9e":"2 minutes"},"schema":{"@context":"https:\/\/schema.org","@graph":[{"@type":"WebPage","@id":"https:\/\/shd-evenements.fr\/index.php\/qui-sommes-nous\/","url":"https:\/\/shd-evenements.fr\/index.php\/qui-sommes-nous\/","name":"Qui sommes-nous ? - SHD Ev\u00e9nements","isPartOf":{"@id":"https:\/\/shd-evenements.fr\/#website"},"datePublished":"2025-10-01T19:25:23+00:00","dateModified":"2025-10-01T19:49:31+00:00","breadcrumb":{"@id":"https:\/\/shd-evenements.fr\/index.php\/qui-sommes-nous\/#breadcrumb"},"inLanguage":"fr-FR","potentialAction":[{"@type":"ReadAction","target":["https:\/\/shd-evenements.fr\/index.php\/qui-sommes-nous\/"]}]},{"@type":"BreadcrumbList","@id":"https:\/\/shd-evenements.fr\/index.php\/qui-sommes-nous\/#breadcrumb","itemListElement":[{"@type":"ListItem","position":1,"name":"Accueil","item":"https:\/\/shd-evenements.fr\/"},{"@type":"ListItem","position":2,"name":"Qui sommes-nous ?"}]},{"@type":"WebSite","@id":"https:\/\/shd-evenements.fr\/#website","url":"https:\/\/shd-evenements.fr\/","name":"SHD Ev\u00e9nements","description":"Nos limites sont celle de votre imagination","potentialAction":[{"@type":"SearchAction","target":{"@type":"EntryPoint","urlTemplate":"https:\/\/shd-evenements.fr\/?s={search_term_string}"},"query-input":{"@type":"PropertyValueSpecification","valueRequired":true,"valueName":"search_term_string"}}],"inLanguage":"fr-FR"}]}},"_links":{"self":[{"href":"https:\/\/shd-evenements.fr\/index.php\/wp-json\/wp\/v2\/pages\/234","targetHints":{"allow":["GET"]}}],"collection":[{"href":"https:\/\/shd-evenements.fr\/index.php\/wp-json\/wp\/v2\/pages"}],"about":[{"href":"https:\/\/shd-evenements.fr\/index.php\/wp-json\/wp\/v2\/types\/page"}],"author":[{"embeddable":true,"href":"https:\/\/shd-evenements.fr\/index.php\/wp-json\/wp\/v2\/users\/2"}],"replies":[{"embeddable":true,"href":"https:\/\/shd-evenements.fr\/index.php\/wp-json\/wp\/v2\/comments?post=234"}],"version-history":[{"count":6,"href":"https:\/\/shd-evenements.fr\/index.php\/wp-json\/wp\/v2\/pages\/234\/revisions"}],"predecessor-version":[{"id":242,"href":"https:\/\/shd-evenements.fr\/index.php\/wp-json\/wp\/v2\/pages\/234\/revisions\/242"}],"wp:attachment":[{"href":"https:\/\/shd-evenements.fr\/index.php\/wp-json\/wp\/v2\/media?parent=234"}],"curies":[{"name":"wp","href":"https:\/\/api.w.org\/{rel}","templated":true}]}}