{"id":24,"date":"2025-09-24T17:13:17","date_gmt":"2025-09-24T17:13:17","guid":{"rendered":"https:\/\/shd-evenements.fr\/?page_id=24"},"modified":"2025-11-14T18:17:01","modified_gmt":"2025-11-14T18:17:01","slug":"sonorisation","status":"publish","type":"page","link":"https:\/\/shd-evenements.fr\/index.php\/sonorisation\/","title":{"rendered":"Sonorisation"},"content":{"rendered":"\n<div class=\"wp-block-columns is-layout-flex wp-container-core-columns-is-layout-9d6595d7 wp-block-columns-is-layout-flex\">\n<div class=\"wp-block-column is-layout-flow wp-block-column-is-layout-flow\" style=\"flex-basis:33.33%\">\n<figure class=\"wp-block-image size-full is-resized\"><img loading=\"lazy\" decoding=\"async\" width=\"150\" height=\"150\" src=\"https:\/\/shd-evenements.fr\/wp-content\/uploads\/2025\/09\/Behringer-sx2442-fx-300x216-1-150x150-1.jpg\" alt=\"\" class=\"wp-image-147\" style=\"width:258px;height:auto\"\/><\/figure>\n<\/div>\n\n\n\n<div class=\"wp-block-column is-layout-flow wp-block-column-is-layout-flow\" style=\"flex-basis:66.66%\">\n<h2 class=\"wp-block-heading\"><strong>Behringer Eurodesk SX2442FX <br>Table de Mixage Analogique 24 Canaux<\/strong><\/h2>\n\n\n\n<p>La table de mixage 24 canaux Behringer Eurodesk SX2442FX vous permet d&rsquo;obtenir sans effort un son exceptionnel et parfait pour tout type de salle de concert. La SX2442FX est dot\u00e9e de 16 pr\u00e9amplis micro XENYX de qualit\u00e9 studio, de 2 canaux st\u00e9r\u00e9o avec EQ 4 bandes et 2 ensembles de canaux d&rsquo;entr\u00e9e st\u00e9r\u00e9o suppl\u00e9mentaires avec contr\u00f4les de niveaux et contr\u00f4les auxiliaires. Avec sa large gamme d&rsquo;entr\u00e9es et de sorties et 2 processeurs d&rsquo;effets st\u00e9r\u00e9o 2 moteur 24 bits avec 99 presets, la Behringer Eurodesk SX2442FX est une table de mixage incroyablement puissante et polyvalente.<br>Tarif : 50 \u20ac<\/p>\n<\/div>\n<\/div>\n\n\n\n<div class=\"wp-block-columns is-layout-flex wp-container-core-columns-is-layout-9d6595d7 wp-block-columns-is-layout-flex\">\n<div class=\"wp-block-column is-layout-flow wp-block-column-is-layout-flow\" style=\"flex-basis:33.33%\">\n<figure class=\"wp-block-image size-full is-resized\"><img loading=\"lazy\" decoding=\"async\" width=\"150\" height=\"150\" src=\"https:\/\/shd-evenements.fr\/wp-content\/uploads\/2025\/09\/Behringer-Xenyx-X1204-USB-300x243-1-150x150-1.jpg\" alt=\"\" class=\"wp-image-148\" style=\"width:277px;height:auto\"\/><\/figure>\n<\/div>\n\n\n\n<div class=\"wp-block-column is-layout-flow wp-block-column-is-layout-flow\" style=\"flex-basis:66.66%\">\n<h2 class=\"wp-block-heading\">Table mixage Behringer Xenyx X1204 USB<\/h2>\n\n\n\n<p>Sorties alternatives 3-4 et cabine de contr\u00f4le jack 6,3 mm TRS<br>Faders de 60 mm<br>4x entr\u00e9es micro avec alimentation Phantom<br>Filtre coupe-bas 75 Hz<br>Compresseurs sur tranche micro<br>Processeur d&rsquo;effets interne 24 bits avec 16 pr\u00e9-r\u00e9glages<br>2x entr\u00e9es ligne st\u00e9r\u00e9o<br>EQ 3 bandes 2x auxiliaires (pr\u00e9 \/ post)<br>Carte son USB<br>Tarif : 20 \u20ac<\/p>\n<\/div>\n<\/div>\n\n\n\n<div class=\"wp-block-columns is-layout-flex wp-container-core-columns-is-layout-9d6595d7 wp-block-columns-is-layout-flex\">\n<div class=\"wp-block-column is-layout-flow wp-block-column-is-layout-flow\" style=\"flex-basis:33.33%\">\n<figure class=\"wp-block-image size-full is-resized\"><img loading=\"lazy\" decoding=\"async\" width=\"190\" height=\"294\" src=\"https:\/\/shd-evenements.fr\/wp-content\/uploads\/2025\/09\/11538904_800.jpg\" alt=\"\" class=\"wp-image-150\" style=\"width:213px;height:auto\"\/><\/figure>\n<\/div>\n\n\n\n<div class=\"wp-block-column is-layout-flow wp-block-column-is-layout-flow\" style=\"flex-basis:66.66%\">\n<h2 class=\"wp-block-heading\">Behringer Eurolive B212D<\/h2>\n\n\n\n<p><strong>Enceinte active large bande 12&Prime; + 1,35&Prime;<\/strong><\/p>\n\n\n\n<ul class=\"wp-block-list\">\n<li>Puissance: 550 Watt<\/li>\n\n\n\n<li>R\u00e9ponse en fr\u00e9quence: 65 Hz &#8211; 18 kHz<\/li>\n\n\n\n<li>Dispersion: 90\u00ba x 60\u00ba<\/li>\n\n\n\n<li>Entr\u00e9e XLR micro ou ligne<\/li>\n\n\n\n<li>Contr\u00f4le du volume<\/li>\n\n\n\n<li>Sortie ligne<\/li>\n\n\n\n<li>EQ 2 bandes<\/li>\n\n\n\n<li>Dimensions: 550 x 345 x 270 mm<\/li>\n\n\n\n<li>Poids: 14,5 kg<br>Tarif : 30 \u20ac enceinte seule<\/li>\n<\/ul>\n<\/div>\n<\/div>\n\n\n\n<div class=\"wp-block-columns is-layout-flex wp-container-core-columns-is-layout-9d6595d7 wp-block-columns-is-layout-flex\">\n<div class=\"wp-block-column is-layout-flow wp-block-column-is-layout-flow\" style=\"flex-basis:33.33%\">\n<figure class=\"wp-block-image size-full\"><img loading=\"lazy\" decoding=\"async\" width=\"401\" height=\"600\" src=\"https:\/\/shd-evenements.fr\/wp-content\/uploads\/2025\/09\/pieds.jpg\" alt=\"\" class=\"wp-image-152\"\/><\/figure>\n<\/div>\n\n\n\n<div class=\"wp-block-column is-layout-flow wp-block-column-is-layout-flow\" style=\"flex-basis:66.66%\">\n<h2 class=\"wp-block-heading\"><strong>Set de pieds d&rsquo;enceinte + housse<\/strong><\/h2>\n\n\n\n<p><strong>Pieds en aluminium<\/strong><\/p>\n\n\n\n<ul class=\"wp-block-list\">\n<li>Supporte une charge max. de 30 kg<\/li>\n\n\n\n<li>Hauteur r\u00e9glable de 1,25 \u00e0 env. 2 m<\/li>\n\n\n\n<li>Diam\u00e8tre du tube d&rsquo;admission: 35 mm<\/li>\n\n\n\n<li>Poids d&rsquo;un pied: 2,16 kg<br>Tarif : 5 \u20ac par pied<\/li>\n<\/ul>\n<\/div>\n<\/div>\n\n\n\n<div class=\"wp-block-columns is-layout-flex wp-container-core-columns-is-layout-9d6595d7 wp-block-columns-is-layout-flex\">\n<div class=\"wp-block-column is-layout-flow wp-block-column-is-layout-flow\" style=\"flex-basis:33.33%\">\n<figure class=\"wp-block-image size-full\"><img loading=\"lazy\" decoding=\"async\" width=\"600\" height=\"600\" src=\"https:\/\/shd-evenements.fr\/wp-content\/uploads\/2025\/09\/8805581_800.jpg\" alt=\"\" class=\"wp-image-154\"\/><\/figure>\n<\/div>\n\n\n\n<div class=\"wp-block-column is-layout-flow wp-block-column-is-layout-flow\" style=\"flex-basis:66.66%\">\n<h2 class=\"wp-block-heading\">Micro chant dynamique SHURE SM58<\/h2>\n\n\n\n<p>Sans fil &#8211; Poids: 298 g<br>Version sans interrupteur marche\/arr\u00eat<br>Directivit\u00e9: Cardio\u00efde<br>R\u00e9ponse en fr\u00e9quence: 50 &#8211; 15.000 Hz<br>Sensibilit\u00e9: -56 dBV\/Pa (1,85 mV)<br>Dimensions: 23 x 162 x 51 mm<br>Tarif : 15 \u20ac<\/p>\n<\/div>\n<\/div>\n\n\n\n<div class=\"wp-block-columns is-layout-flex wp-container-core-columns-is-layout-9d6595d7 wp-block-columns-is-layout-flex\">\n<div class=\"wp-block-column is-layout-flow wp-block-column-is-layout-flow\" style=\"flex-basis:33.33%\">\n<figure class=\"wp-block-image size-full\"><img loading=\"lazy\" decoding=\"async\" width=\"851\" height=\"600\" src=\"https:\/\/shd-evenements.fr\/wp-content\/uploads\/2025\/09\/40529_1.jpg\" alt=\"\" class=\"wp-image-156\"\/><\/figure>\n<\/div>\n\n\n\n<div class=\"wp-block-column is-layout-flow wp-block-column-is-layout-flow\" style=\"flex-basis:66.66%\">\n<h2 class=\"wp-block-heading\">Micro shure pg30<\/h2>\n\n\n\n<p>micro serre-t\u00eate sans fil UHF diversity avec antennes int\u00e9gr\u00e9es<br>Tarif : 20 \u20ac<\/p>\n<\/div>\n<\/div>\n\n\n\n<div class=\"wp-block-columns is-layout-flex wp-container-core-columns-is-layout-9d6595d7 wp-block-columns-is-layout-flex\">\n<div class=\"wp-block-column is-layout-flow wp-block-column-is-layout-flow\" style=\"flex-basis:33.33%\">\n<figure class=\"wp-block-image size-full\"><img loading=\"lazy\" decoding=\"async\" width=\"835\" height=\"1335\" src=\"https:\/\/shd-evenements.fr\/wp-content\/uploads\/2025\/11\/img_tv.jpg\" alt=\"\" class=\"wp-image-251\"\/><\/figure>\n<\/div>\n\n\n\n<div class=\"wp-block-column is-layout-flow wp-block-column-is-layout-flow\" style=\"flex-basis:66.66%\">\n<h2 class=\"wp-block-heading\">T\u00e9l\u00e9vision avec son pied<\/h2>\n\n\n\n<p>Location t\u00e9l\u00e9vision 165 cm pour vos pr\u00e9sentations ou animation karaok\u00e9.<br>Tarif : 190 \u20ac t\u00e9l\u00e9vision + 60 \u20ac pied<\/p>\n<\/div>\n<\/div>\n","protected":false},"excerpt":{"rendered":"<p>Behringer Eurodesk SX2442FX Table de Mixage Analogique 24 Canaux La table de mixage 24 canaux Behringer Eurodesk SX2442FX vous permet d&rsquo;obtenir sans effort un son exceptionnel et parfait pour tout type de salle de concert. La SX2442FX est dot\u00e9e de 16 pr\u00e9amplis micro XENYX de qualit\u00e9 studio, de 2 canaux st\u00e9r\u00e9o avec EQ 4 bandes [&hellip;]<\/p>\n","protected":false},"author":1,"featured_media":0,"parent":0,"menu_order":0,"comment_status":"closed","ping_status":"closed","template":"","meta":{"footnotes":""},"class_list":["post-24","page","type-page","status-publish","hentry"],"yoast_head":"<!-- This site is optimized with the Yoast SEO plugin v27.0 - https:\/\/yoast.com\/product\/yoast-seo-wordpress\/ -->\n<title>Sonorisation - SHD Ev\u00e9nements<\/title>\n<meta name=\"robots\" content=\"index, follow, max-snippet:-1, max-image-preview:large, max-video-preview:-1\" \/>\n<link rel=\"canonical\" href=\"https:\/\/shd-evenements.fr\/index.php\/sonorisation\/\" \/>\n<meta property=\"og:locale\" content=\"fr_FR\" \/>\n<meta property=\"og:type\" content=\"article\" \/>\n<meta property=\"og:title\" content=\"Sonorisation - SHD Ev\u00e9nements\" \/>\n<meta property=\"og:description\" content=\"Behringer Eurodesk SX2442FX Table de Mixage Analogique 24 Canaux La table de mixage 24 canaux Behringer Eurodesk SX2442FX vous permet d&rsquo;obtenir sans effort un son exceptionnel et parfait pour tout type de salle de concert. La SX2442FX est dot\u00e9e de 16 pr\u00e9amplis micro XENYX de qualit\u00e9 studio, de 2 canaux st\u00e9r\u00e9o avec EQ 4 bandes [&hellip;]\" \/>\n<meta property=\"og:url\" content=\"https:\/\/shd-evenements.fr\/index.php\/sonorisation\/\" \/>\n<meta property=\"og:site_name\" content=\"SHD Ev\u00e9nements\" \/>\n<meta property=\"article:modified_time\" content=\"2025-11-14T18:17:01+00:00\" \/>\n<meta property=\"og:image\" content=\"https:\/\/shd-evenements.fr\/wp-content\/uploads\/2025\/09\/Behringer-sx2442-fx-300x216-1-150x150-1.jpg\" \/>\n\t<meta property=\"og:image:width\" content=\"150\" \/>\n\t<meta property=\"og:image:height\" content=\"150\" \/>\n\t<meta property=\"og:image:type\" content=\"image\/jpeg\" \/>\n<meta name=\"twitter:card\" content=\"summary_large_image\" \/>\n<meta name=\"twitter:label1\" content=\"Dur\u00e9e de lecture estim\u00e9e\" \/>\n\t<meta name=\"twitter:data1\" content=\"2 minutes\" \/>\n<script type=\"application\/ld+json\" class=\"yoast-schema-graph\">{\"@context\":\"https:\/\/schema.org\",\"@graph\":[{\"@type\":\"WebPage\",\"@id\":\"https:\/\/shd-evenements.fr\/index.php\/sonorisation\/\",\"url\":\"https:\/\/shd-evenements.fr\/index.php\/sonorisation\/\",\"name\":\"Sonorisation - SHD Ev\u00e9nements\",\"isPartOf\":{\"@id\":\"https:\/\/shd-evenements.fr\/#website\"},\"primaryImageOfPage\":{\"@id\":\"https:\/\/shd-evenements.fr\/index.php\/sonorisation\/#primaryimage\"},\"image\":{\"@id\":\"https:\/\/shd-evenements.fr\/index.php\/sonorisation\/#primaryimage\"},\"thumbnailUrl\":\"https:\/\/shd-evenements.fr\/wp-content\/uploads\/2025\/09\/Behringer-sx2442-fx-300x216-1-150x150-1.jpg\",\"datePublished\":\"2025-09-24T17:13:17+00:00\",\"dateModified\":\"2025-11-14T18:17:01+00:00\",\"breadcrumb\":{\"@id\":\"https:\/\/shd-evenements.fr\/index.php\/sonorisation\/#breadcrumb\"},\"inLanguage\":\"fr-FR\",\"potentialAction\":[{\"@type\":\"ReadAction\",\"target\":[\"https:\/\/shd-evenements.fr\/index.php\/sonorisation\/\"]}]},{\"@type\":\"ImageObject\",\"inLanguage\":\"fr-FR\",\"@id\":\"https:\/\/shd-evenements.fr\/index.php\/sonorisation\/#primaryimage\",\"url\":\"https:\/\/shd-evenements.fr\/wp-content\/uploads\/2025\/09\/Behringer-sx2442-fx-300x216-1-150x150-1.jpg\",\"contentUrl\":\"https:\/\/shd-evenements.fr\/wp-content\/uploads\/2025\/09\/Behringer-sx2442-fx-300x216-1-150x150-1.jpg\",\"width\":150,\"height\":150},{\"@type\":\"BreadcrumbList\",\"@id\":\"https:\/\/shd-evenements.fr\/index.php\/sonorisation\/#breadcrumb\",\"itemListElement\":[{\"@type\":\"ListItem\",\"position\":1,\"name\":\"Accueil\",\"item\":\"https:\/\/shd-evenements.fr\/\"},{\"@type\":\"ListItem\",\"position\":2,\"name\":\"Sonorisation\"}]},{\"@type\":\"WebSite\",\"@id\":\"https:\/\/shd-evenements.fr\/#website\",\"url\":\"https:\/\/shd-evenements.fr\/\",\"name\":\"SHD Ev\u00e9nements\",\"description\":\"Nos limites sont celle de votre imagination\",\"potentialAction\":[{\"@type\":\"SearchAction\",\"target\":{\"@type\":\"EntryPoint\",\"urlTemplate\":\"https:\/\/shd-evenements.fr\/?s={search_term_string}\"},\"query-input\":{\"@type\":\"PropertyValueSpecification\",\"valueRequired\":true,\"valueName\":\"search_term_string\"}}],\"inLanguage\":\"fr-FR\"}]}<\/script>\n<!-- \/ Yoast SEO plugin. -->","yoast_head_json":{"title":"Sonorisation - SHD Ev\u00e9nements","robots":{"index":"index","follow":"follow","max-snippet":"max-snippet:-1","max-image-preview":"max-image-preview:large","max-video-preview":"max-video-preview:-1"},"canonical":"https:\/\/shd-evenements.fr\/index.php\/sonorisation\/","og_locale":"fr_FR","og_type":"article","og_title":"Sonorisation - SHD Ev\u00e9nements","og_description":"Behringer Eurodesk SX2442FX Table de Mixage Analogique 24 Canaux La table de mixage 24 canaux Behringer Eurodesk SX2442FX vous permet d&rsquo;obtenir sans effort un son exceptionnel et parfait pour tout type de salle de concert. La SX2442FX est dot\u00e9e de 16 pr\u00e9amplis micro XENYX de qualit\u00e9 studio, de 2 canaux st\u00e9r\u00e9o avec EQ 4 bandes [&hellip;]","og_url":"https:\/\/shd-evenements.fr\/index.php\/sonorisation\/","og_site_name":"SHD Ev\u00e9nements","article_modified_time":"2025-11-14T18:17:01+00:00","og_image":[{"width":150,"height":150,"url":"https:\/\/shd-evenements.fr\/wp-content\/uploads\/2025\/09\/Behringer-sx2442-fx-300x216-1-150x150-1.jpg","type":"image\/jpeg"}],"twitter_card":"summary_large_image","twitter_misc":{"Dur\u00e9e de lecture estim\u00e9e":"2 minutes"},"schema":{"@context":"https:\/\/schema.org","@graph":[{"@type":"WebPage","@id":"https:\/\/shd-evenements.fr\/index.php\/sonorisation\/","url":"https:\/\/shd-evenements.fr\/index.php\/sonorisation\/","name":"Sonorisation - SHD Ev\u00e9nements","isPartOf":{"@id":"https:\/\/shd-evenements.fr\/#website"},"primaryImageOfPage":{"@id":"https:\/\/shd-evenements.fr\/index.php\/sonorisation\/#primaryimage"},"image":{"@id":"https:\/\/shd-evenements.fr\/index.php\/sonorisation\/#primaryimage"},"thumbnailUrl":"https:\/\/shd-evenements.fr\/wp-content\/uploads\/2025\/09\/Behringer-sx2442-fx-300x216-1-150x150-1.jpg","datePublished":"2025-09-24T17:13:17+00:00","dateModified":"2025-11-14T18:17:01+00:00","breadcrumb":{"@id":"https:\/\/shd-evenements.fr\/index.php\/sonorisation\/#breadcrumb"},"inLanguage":"fr-FR","potentialAction":[{"@type":"ReadAction","target":["https:\/\/shd-evenements.fr\/index.php\/sonorisation\/"]}]},{"@type":"ImageObject","inLanguage":"fr-FR","@id":"https:\/\/shd-evenements.fr\/index.php\/sonorisation\/#primaryimage","url":"https:\/\/shd-evenements.fr\/wp-content\/uploads\/2025\/09\/Behringer-sx2442-fx-300x216-1-150x150-1.jpg","contentUrl":"https:\/\/shd-evenements.fr\/wp-content\/uploads\/2025\/09\/Behringer-sx2442-fx-300x216-1-150x150-1.jpg","width":150,"height":150},{"@type":"BreadcrumbList","@id":"https:\/\/shd-evenements.fr\/index.php\/sonorisation\/#breadcrumb","itemListElement":[{"@type":"ListItem","position":1,"name":"Accueil","item":"https:\/\/shd-evenements.fr\/"},{"@type":"ListItem","position":2,"name":"Sonorisation"}]},{"@type":"WebSite","@id":"https:\/\/shd-evenements.fr\/#website","url":"https:\/\/shd-evenements.fr\/","name":"SHD Ev\u00e9nements","description":"Nos limites sont celle de votre imagination","potentialAction":[{"@type":"SearchAction","target":{"@type":"EntryPoint","urlTemplate":"https:\/\/shd-evenements.fr\/?s={search_term_string}"},"query-input":{"@type":"PropertyValueSpecification","valueRequired":true,"valueName":"search_term_string"}}],"inLanguage":"fr-FR"}]}},"_links":{"self":[{"href":"https:\/\/shd-evenements.fr\/index.php\/wp-json\/wp\/v2\/pages\/24","targetHints":{"allow":["GET"]}}],"collection":[{"href":"https:\/\/shd-evenements.fr\/index.php\/wp-json\/wp\/v2\/pages"}],"about":[{"href":"https:\/\/shd-evenements.fr\/index.php\/wp-json\/wp\/v2\/types\/page"}],"author":[{"embeddable":true,"href":"https:\/\/shd-evenements.fr\/index.php\/wp-json\/wp\/v2\/users\/1"}],"replies":[{"embeddable":true,"href":"https:\/\/shd-evenements.fr\/index.php\/wp-json\/wp\/v2\/comments?post=24"}],"version-history":[{"count":8,"href":"https:\/\/shd-evenements.fr\/index.php\/wp-json\/wp\/v2\/pages\/24\/revisions"}],"predecessor-version":[{"id":252,"href":"https:\/\/shd-evenements.fr\/index.php\/wp-json\/wp\/v2\/pages\/24\/revisions\/252"}],"wp:attachment":[{"href":"https:\/\/shd-evenements.fr\/index.php\/wp-json\/wp\/v2\/media?parent=24"}],"curies":[{"name":"wp","href":"https:\/\/api.w.org\/{rel}","templated":true}]}}