{"id":26,"date":"2025-09-24T17:13:40","date_gmt":"2025-09-24T17:13:40","guid":{"rendered":"https:\/\/shd-evenements.fr\/?page_id=26"},"modified":"2025-12-08T20:43:15","modified_gmt":"2025-12-08T20:43:15","slug":"animations","status":"publish","type":"page","link":"https:\/\/shd-evenements.fr\/index.php\/animations\/","title":{"rendered":"Animations"},"content":{"rendered":"\n<div class=\"wp-block-columns is-layout-flex wp-container-core-columns-is-layout-9d6595d7 wp-block-columns-is-layout-flex\">\n<div class=\"wp-block-column is-layout-flow wp-block-column-is-layout-flow\" style=\"flex-basis:33.33%\">\n<figure class=\"wp-block-image size-full\"><img loading=\"lazy\" decoding=\"async\" width=\"2560\" height=\"1707\" src=\"https:\/\/shd-evenements.fr\/wp-content\/uploads\/2025\/10\/DSC_0009-scaled.jpg\" alt=\"\" class=\"wp-image-201\"\/><\/figure>\n<\/div>\n\n\n\n<div class=\"wp-block-column is-layout-flow wp-block-column-is-layout-flow\" style=\"flex-basis:66.66%\">\n<h2 class=\"wp-block-heading\">Maquillage enfants<\/h2>\n\n\n\n<p>Un coup de pinceau\u2026 et la magie op\u00e8re !<br>Super-h\u00e9ros, princesses, animaux ou personnages f\u00e9\u00e9riques : chaque enfant devient ce qu\u2019il r\u00eave d\u2019\u00eatre, le temps d\u2019un maquillage.<br>Produits adapt\u00e9s aux peaux sensibles<br>Animation id\u00e9ale pour anniversaires, f\u00eates, kermesses, mariages<br>Tarif : <a href=\"https:\/\/shd-evenements.fr\/index.php\/contacts\/\">nous consulter<\/a><\/p>\n<\/div>\n\n\n\n<div class=\"wp-block-column is-layout-flow wp-block-column-is-layout-flow\"><\/div>\n<\/div>\n\n\n\n<div class=\"wp-block-columns is-layout-flex wp-container-core-columns-is-layout-9d6595d7 wp-block-columns-is-layout-flex\">\n<div class=\"wp-block-column is-layout-flow wp-block-column-is-layout-flow\" style=\"flex-basis:33.33%\">\n<figure class=\"wp-block-image size-full\"><img loading=\"lazy\" decoding=\"async\" width=\"1920\" height=\"2560\" src=\"https:\/\/shd-evenements.fr\/wp-content\/uploads\/2025\/10\/ballon2.jpg\" alt=\"\" class=\"wp-image-203\"\/><\/figure>\n<\/div>\n\n\n\n<div class=\"wp-block-column is-layout-flow wp-block-column-is-layout-flow\" style=\"flex-basis:66.66%\">\n<h2 class=\"wp-block-heading\">Sculpture de ballons<\/h2>\n\n\n\n<p>Un ballon, un tour de main\u2026 et la magie prend forme !<br>Chiens rigolos, fleurs color\u00e9es, \u00e9p\u00e9es de pirates ou chapeaux d\u00e9lirants : chaque enfant repart avec sa cr\u00e9ation unique.<\/p>\n\n\n\n<p>Animations fun et interactives<br>Parfaites pour anniversaires, f\u00eates, kermesses, mariages<br>Rires, \u00e9merveillement et souvenirs garantis<\/p>\n\n\n\n<p>Tarif : <a href=\"https:\/\/shd-evenements.fr\/index.php\/contacts\/\">nous consulter<\/a><\/p>\n<\/div>\n<\/div>\n\n\n\n<div class=\"wp-block-columns is-layout-flex wp-container-core-columns-is-layout-9d6595d7 wp-block-columns-is-layout-flex\">\n<div class=\"wp-block-column is-layout-flow wp-block-column-is-layout-flow\" style=\"flex-basis:33.33%\">\n<figure class=\"wp-block-image size-full\"><img loading=\"lazy\" decoding=\"async\" width=\"2560\" height=\"1920\" src=\"https:\/\/shd-evenements.fr\/wp-content\/uploads\/2025\/10\/Closeup1web-scaled.jpg\" alt=\"\" class=\"wp-image-204\"\/><\/figure>\n<\/div>\n\n\n\n<div class=\"wp-block-column is-layout-flow wp-block-column-is-layout-flow\" style=\"flex-basis:66.66%\">\n<h2 class=\"wp-block-heading\">Magie close up<\/h2>\n\n\n\n<p>La magie\u2026 juste sous vos yeux ! <br>Tours de cartes, objets qui disparaissent, illusions bluffantes : les spectateurs deviennent acteurs et vivent une exp\u00e9rience unique.<\/p>\n\n\n\n<p>Une animation interactive et conviviale<br>Id\u00e9ale pour mariages, anniversaires, cocktails, soir\u00e9es priv\u00e9es ou professionnelles<br>Tarif : <a href=\"https:\/\/shd-evenements.fr\/index.php\/contacts\/\">nous consulter<\/a><\/p>\n<\/div>\n<\/div>\n\n\n\n<div class=\"wp-block-columns is-layout-flex wp-container-core-columns-is-layout-9d6595d7 wp-block-columns-is-layout-flex\">\n<div class=\"wp-block-column is-layout-flow wp-block-column-is-layout-flow\" style=\"flex-basis:33.33%\">\n<figure class=\"wp-block-image size-full\"><img loading=\"lazy\" decoding=\"async\" width=\"1329\" height=\"1772\" src=\"https:\/\/shd-evenements.fr\/wp-content\/uploads\/2025\/10\/fly_spect_hypnose.png\" alt=\"\" class=\"wp-image-206\"\/><\/figure>\n<\/div>\n\n\n\n<div class=\"wp-block-column is-layout-flow wp-block-column-is-layout-flow\" style=\"flex-basis:66.66%\">\n<h2 class=\"wp-block-heading\">Spectacle Magie et Hypnose<\/h2>\n\n\n\n<p><br>La magie\u2026 juste sous vos yeux ! \u2728<br>Tours de cartes, objets qui disparaissent, illusions bluffantes : les spectateurs deviennent acteurs et vivent une exp\u00e9rience unique.<br>Une animation interactive et conviviale<br>Id\u00e9ale pour mariages, anniversaires, cocktails, soir\u00e9es priv\u00e9es ou professionnelles<br>\u00c9tonnement, rires et souvenirs inoubliables garantis<br>Dur\u00e9e : 50 minutes Tarif : <a href=\"https:\/\/shd-evenements.fr\/index.php\/contacts\/\">nous consulter<\/a><\/p>\n<\/div>\n<\/div>\n\n\n\n<div class=\"wp-block-columns is-layout-flex wp-container-core-columns-is-layout-9d6595d7 wp-block-columns-is-layout-flex\">\n<div class=\"wp-block-column is-layout-flow wp-block-column-is-layout-flow\" style=\"flex-basis:33.33%\">\n<figure class=\"wp-block-image size-full\"><img loading=\"lazy\" decoding=\"async\" width=\"320\" height=\"200\" src=\"https:\/\/shd-evenements.fr\/wp-content\/uploads\/2025\/10\/annivmagic.jpg\" alt=\"\" class=\"wp-image-208\"\/><\/figure>\n<\/div>\n\n\n\n<div class=\"wp-block-column is-layout-flow wp-block-column-is-layout-flow\" style=\"flex-basis:66.66%\">\n<h2 class=\"wp-block-heading\">Spectacle Magie &amp; Ballons<\/h2>\n\n\n\n<p>Un spectacle plein de rires, de couleurs et de surprises !<br>Les enfants d\u00e9couvrent des tours de magie amusants, participent \u00e0 l\u2019aventure et repartent \u00e9merveill\u00e9s.<br>Et ce n\u2019est pas tout\u2026 les ballons prennent vie sous leurs yeux : chiens rigolos, \u00e9p\u00e9es de pirates, fleurs et chapeaux d\u00e9lirants !<br>Un moment interactif et magique<br>Id\u00e9al pour anniversaires, f\u00eates, kermesses, arbres de No\u00ebl<br>Dur\u00e9e : 45 minutes Tarif : <a href=\"https:\/\/shd-evenements.fr\/index.php\/contacts\/\">nous consulter<\/a><\/p>\n<\/div>\n<\/div>\n\n\n\n<div class=\"wp-block-columns is-layout-flex wp-container-core-columns-is-layout-9d6595d7 wp-block-columns-is-layout-flex\">\n<div class=\"wp-block-column is-layout-flow wp-block-column-is-layout-flow\" style=\"flex-basis:33.33%\">\n<figure class=\"wp-block-image size-full\"><img loading=\"lazy\" decoding=\"async\" width=\"2560\" height=\"1696\" src=\"https:\/\/shd-evenements.fr\/wp-content\/uploads\/2025\/10\/popcorn-scaled-1.jpg\" alt=\"\" class=\"wp-image-210\"\/><\/figure>\n<\/div>\n\n\n\n<div class=\"wp-block-column is-layout-flow wp-block-column-is-layout-flow\" style=\"flex-basis:66.66%\">\n<h2 class=\"wp-block-heading\"><strong>Stands sucr\u00e9s<\/strong><\/h2>\n\n\n\n<p>Un animateur pour confectionner<\/p>\n\n\n\n<p>Tarifs : Prix des Machines + 35 \u20ac\/heure pour l\u2019animateur <br>avec frais de d\u00e9placement \u00e0 0.50 \u20ac\/km&nbsp;A+R<\/p>\n<\/div>\n<\/div>\n\n\n\n<div class=\"wp-block-columns is-layout-flex wp-container-core-columns-is-layout-9d6595d7 wp-block-columns-is-layout-flex\">\n<div class=\"wp-block-column is-layout-flow wp-block-column-is-layout-flow\" style=\"flex-basis:33.33%\">\n<figure class=\"wp-block-image size-full\"><img loading=\"lazy\" decoding=\"async\" width=\"768\" height=\"1024\" src=\"https:\/\/shd-evenements.fr\/wp-content\/uploads\/2025\/09\/274345860_977040596244679_5936797580486412389_n-768x1024-1-1.jpg\" alt=\"\" class=\"wp-image-106\"\/><\/figure>\n<\/div>\n\n\n\n<div class=\"wp-block-column is-layout-flow wp-block-column-is-layout-flow\" style=\"flex-basis:66.66%\">\n<h2 class=\"wp-block-heading\"><strong>Photobooth<\/strong><\/h2>\n\n\n\n<p>Votre stand photobooth avec votre animateur<\/p>\n\n\n\n<p>Tarifs : Prix du photobooth + 35 \u20ac\/heure pour l\u2019animateur <br>avec frais de d\u00e9placement \u00e0 0.50 \u20ac\/km&nbsp;A+R<\/p>\n<\/div>\n<\/div>\n","protected":false},"excerpt":{"rendered":"<p>Maquillage enfants Un coup de pinceau\u2026 et la magie op\u00e8re !Super-h\u00e9ros, princesses, animaux ou personnages f\u00e9\u00e9riques : chaque enfant devient ce qu\u2019il r\u00eave d\u2019\u00eatre, le temps d\u2019un maquillage.Produits adapt\u00e9s aux peaux sensiblesAnimation id\u00e9ale pour anniversaires, f\u00eates, kermesses, mariagesTarif : nous consulter Sculpture de ballons Un ballon, un tour de main\u2026 et la magie prend forme [&hellip;]<\/p>\n","protected":false},"author":1,"featured_media":0,"parent":0,"menu_order":0,"comment_status":"closed","ping_status":"closed","template":"","meta":{"footnotes":""},"class_list":["post-26","page","type-page","status-publish","hentry"],"yoast_head":"<!-- This site is optimized with the Yoast SEO plugin v27.0 - https:\/\/yoast.com\/product\/yoast-seo-wordpress\/ -->\n<title>Animations - SHD Ev\u00e9nements<\/title>\n<meta name=\"robots\" content=\"index, follow, max-snippet:-1, max-image-preview:large, max-video-preview:-1\" \/>\n<link rel=\"canonical\" href=\"https:\/\/shd-evenements.fr\/index.php\/animations\/\" \/>\n<meta property=\"og:locale\" content=\"fr_FR\" \/>\n<meta property=\"og:type\" content=\"article\" \/>\n<meta property=\"og:title\" content=\"Animations - SHD Ev\u00e9nements\" \/>\n<meta property=\"og:description\" content=\"Maquillage enfants Un coup de pinceau\u2026 et la magie op\u00e8re !Super-h\u00e9ros, princesses, animaux ou personnages f\u00e9\u00e9riques : chaque enfant devient ce qu\u2019il r\u00eave d\u2019\u00eatre, le temps d\u2019un maquillage.Produits adapt\u00e9s aux peaux sensiblesAnimation id\u00e9ale pour anniversaires, f\u00eates, kermesses, mariagesTarif : nous consulter Sculpture de ballons Un ballon, un tour de main\u2026 et la magie prend forme [&hellip;]\" \/>\n<meta property=\"og:url\" content=\"https:\/\/shd-evenements.fr\/index.php\/animations\/\" \/>\n<meta property=\"og:site_name\" content=\"SHD Ev\u00e9nements\" \/>\n<meta property=\"article:modified_time\" content=\"2025-12-08T20:43:15+00:00\" \/>\n<meta property=\"og:image\" content=\"https:\/\/shd-evenements.fr\/wp-content\/uploads\/2025\/10\/DSC_0009-scaled.jpg\" \/>\n\t<meta property=\"og:image:width\" content=\"2560\" \/>\n\t<meta property=\"og:image:height\" content=\"1707\" \/>\n\t<meta property=\"og:image:type\" content=\"image\/jpeg\" \/>\n<meta name=\"twitter:card\" content=\"summary_large_image\" \/>\n<meta name=\"twitter:label1\" content=\"Dur\u00e9e de lecture estim\u00e9e\" \/>\n\t<meta name=\"twitter:data1\" content=\"3 minutes\" \/>\n<script type=\"application\/ld+json\" class=\"yoast-schema-graph\">{\"@context\":\"https:\/\/schema.org\",\"@graph\":[{\"@type\":\"WebPage\",\"@id\":\"https:\/\/shd-evenements.fr\/index.php\/animations\/\",\"url\":\"https:\/\/shd-evenements.fr\/index.php\/animations\/\",\"name\":\"Animations - SHD Ev\u00e9nements\",\"isPartOf\":{\"@id\":\"https:\/\/shd-evenements.fr\/#website\"},\"primaryImageOfPage\":{\"@id\":\"https:\/\/shd-evenements.fr\/index.php\/animations\/#primaryimage\"},\"image\":{\"@id\":\"https:\/\/shd-evenements.fr\/index.php\/animations\/#primaryimage\"},\"thumbnailUrl\":\"https:\/\/shd-evenements.fr\/wp-content\/uploads\/2025\/10\/DSC_0009-scaled.jpg\",\"datePublished\":\"2025-09-24T17:13:40+00:00\",\"dateModified\":\"2025-12-08T20:43:15+00:00\",\"breadcrumb\":{\"@id\":\"https:\/\/shd-evenements.fr\/index.php\/animations\/#breadcrumb\"},\"inLanguage\":\"fr-FR\",\"potentialAction\":[{\"@type\":\"ReadAction\",\"target\":[\"https:\/\/shd-evenements.fr\/index.php\/animations\/\"]}]},{\"@type\":\"ImageObject\",\"inLanguage\":\"fr-FR\",\"@id\":\"https:\/\/shd-evenements.fr\/index.php\/animations\/#primaryimage\",\"url\":\"https:\/\/shd-evenements.fr\/wp-content\/uploads\/2025\/10\/DSC_0009-scaled.jpg\",\"contentUrl\":\"https:\/\/shd-evenements.fr\/wp-content\/uploads\/2025\/10\/DSC_0009-scaled.jpg\",\"width\":2560,\"height\":1707},{\"@type\":\"BreadcrumbList\",\"@id\":\"https:\/\/shd-evenements.fr\/index.php\/animations\/#breadcrumb\",\"itemListElement\":[{\"@type\":\"ListItem\",\"position\":1,\"name\":\"Accueil\",\"item\":\"https:\/\/shd-evenements.fr\/\"},{\"@type\":\"ListItem\",\"position\":2,\"name\":\"Animations\"}]},{\"@type\":\"WebSite\",\"@id\":\"https:\/\/shd-evenements.fr\/#website\",\"url\":\"https:\/\/shd-evenements.fr\/\",\"name\":\"SHD Ev\u00e9nements\",\"description\":\"Nos limites sont celle de votre imagination\",\"potentialAction\":[{\"@type\":\"SearchAction\",\"target\":{\"@type\":\"EntryPoint\",\"urlTemplate\":\"https:\/\/shd-evenements.fr\/?s={search_term_string}\"},\"query-input\":{\"@type\":\"PropertyValueSpecification\",\"valueRequired\":true,\"valueName\":\"search_term_string\"}}],\"inLanguage\":\"fr-FR\"}]}<\/script>\n<!-- \/ Yoast SEO plugin. -->","yoast_head_json":{"title":"Animations - SHD Ev\u00e9nements","robots":{"index":"index","follow":"follow","max-snippet":"max-snippet:-1","max-image-preview":"max-image-preview:large","max-video-preview":"max-video-preview:-1"},"canonical":"https:\/\/shd-evenements.fr\/index.php\/animations\/","og_locale":"fr_FR","og_type":"article","og_title":"Animations - SHD Ev\u00e9nements","og_description":"Maquillage enfants Un coup de pinceau\u2026 et la magie op\u00e8re !Super-h\u00e9ros, princesses, animaux ou personnages f\u00e9\u00e9riques : chaque enfant devient ce qu\u2019il r\u00eave d\u2019\u00eatre, le temps d\u2019un maquillage.Produits adapt\u00e9s aux peaux sensiblesAnimation id\u00e9ale pour anniversaires, f\u00eates, kermesses, mariagesTarif : nous consulter Sculpture de ballons Un ballon, un tour de main\u2026 et la magie prend forme [&hellip;]","og_url":"https:\/\/shd-evenements.fr\/index.php\/animations\/","og_site_name":"SHD Ev\u00e9nements","article_modified_time":"2025-12-08T20:43:15+00:00","og_image":[{"width":2560,"height":1707,"url":"https:\/\/shd-evenements.fr\/wp-content\/uploads\/2025\/10\/DSC_0009-scaled.jpg","type":"image\/jpeg"}],"twitter_card":"summary_large_image","twitter_misc":{"Dur\u00e9e de lecture estim\u00e9e":"3 minutes"},"schema":{"@context":"https:\/\/schema.org","@graph":[{"@type":"WebPage","@id":"https:\/\/shd-evenements.fr\/index.php\/animations\/","url":"https:\/\/shd-evenements.fr\/index.php\/animations\/","name":"Animations - SHD Ev\u00e9nements","isPartOf":{"@id":"https:\/\/shd-evenements.fr\/#website"},"primaryImageOfPage":{"@id":"https:\/\/shd-evenements.fr\/index.php\/animations\/#primaryimage"},"image":{"@id":"https:\/\/shd-evenements.fr\/index.php\/animations\/#primaryimage"},"thumbnailUrl":"https:\/\/shd-evenements.fr\/wp-content\/uploads\/2025\/10\/DSC_0009-scaled.jpg","datePublished":"2025-09-24T17:13:40+00:00","dateModified":"2025-12-08T20:43:15+00:00","breadcrumb":{"@id":"https:\/\/shd-evenements.fr\/index.php\/animations\/#breadcrumb"},"inLanguage":"fr-FR","potentialAction":[{"@type":"ReadAction","target":["https:\/\/shd-evenements.fr\/index.php\/animations\/"]}]},{"@type":"ImageObject","inLanguage":"fr-FR","@id":"https:\/\/shd-evenements.fr\/index.php\/animations\/#primaryimage","url":"https:\/\/shd-evenements.fr\/wp-content\/uploads\/2025\/10\/DSC_0009-scaled.jpg","contentUrl":"https:\/\/shd-evenements.fr\/wp-content\/uploads\/2025\/10\/DSC_0009-scaled.jpg","width":2560,"height":1707},{"@type":"BreadcrumbList","@id":"https:\/\/shd-evenements.fr\/index.php\/animations\/#breadcrumb","itemListElement":[{"@type":"ListItem","position":1,"name":"Accueil","item":"https:\/\/shd-evenements.fr\/"},{"@type":"ListItem","position":2,"name":"Animations"}]},{"@type":"WebSite","@id":"https:\/\/shd-evenements.fr\/#website","url":"https:\/\/shd-evenements.fr\/","name":"SHD Ev\u00e9nements","description":"Nos limites sont celle de votre imagination","potentialAction":[{"@type":"SearchAction","target":{"@type":"EntryPoint","urlTemplate":"https:\/\/shd-evenements.fr\/?s={search_term_string}"},"query-input":{"@type":"PropertyValueSpecification","valueRequired":true,"valueName":"search_term_string"}}],"inLanguage":"fr-FR"}]}},"_links":{"self":[{"href":"https:\/\/shd-evenements.fr\/index.php\/wp-json\/wp\/v2\/pages\/26","targetHints":{"allow":["GET"]}}],"collection":[{"href":"https:\/\/shd-evenements.fr\/index.php\/wp-json\/wp\/v2\/pages"}],"about":[{"href":"https:\/\/shd-evenements.fr\/index.php\/wp-json\/wp\/v2\/types\/page"}],"author":[{"embeddable":true,"href":"https:\/\/shd-evenements.fr\/index.php\/wp-json\/wp\/v2\/users\/1"}],"replies":[{"embeddable":true,"href":"https:\/\/shd-evenements.fr\/index.php\/wp-json\/wp\/v2\/comments?post=26"}],"version-history":[{"count":8,"href":"https:\/\/shd-evenements.fr\/index.php\/wp-json\/wp\/v2\/pages\/26\/revisions"}],"predecessor-version":[{"id":271,"href":"https:\/\/shd-evenements.fr\/index.php\/wp-json\/wp\/v2\/pages\/26\/revisions\/271"}],"wp:attachment":[{"href":"https:\/\/shd-evenements.fr\/index.php\/wp-json\/wp\/v2\/media?parent=26"}],"curies":[{"name":"wp","href":"https:\/\/api.w.org\/{rel}","templated":true}]}}