{"id":260,"date":"2025-12-03T20:12:20","date_gmt":"2025-12-03T20:12:20","guid":{"rendered":"https:\/\/shd-evenements.fr\/?page_id=260"},"modified":"2025-12-03T20:45:53","modified_gmt":"2025-12-03T20:45:53","slug":"journee-vignoble","status":"publish","type":"page","link":"https:\/\/shd-evenements.fr\/index.php\/journee-vignoble\/","title":{"rendered":"Journ\u00e9e vignoble"},"content":{"rendered":"\n<figure class=\"wp-block-image size-full\"><img loading=\"lazy\" decoding=\"async\" width=\"1536\" height=\"1024\" src=\"https:\/\/shd-evenements.fr\/wp-content\/uploads\/2025\/12\/journee_degustation_vins_monbazillac.png\" alt=\"\" class=\"wp-image-263\"\/><\/figure>\n\n\n\n<h3 class=\"wp-block-heading\"><strong>D\u00e9couvrez nos Passeports D\u00e9couvertes<\/strong><\/h3>\n\n\n\n<p>Au c\u0153ur de l&rsquo;appellation <strong>Monbazillac<\/strong>, notre ch\u00e2teau vous invite \u00e0 vivre une exp\u00e9rience authentique autour du vin et de son histoire. \u00c0 travers nos <strong>Passeports D\u00e9couvertes<\/strong>, plongez dans l\u2019univers de la viticulture, de l\u2019\u00e9volution du raisin \u00e0 la mise en bouteille, en passant par une visite immersive de nos chais.<\/p>\n\n\n\n<p>Vous d\u00e9couvrirez l\u2019histoire du domaine, ses m\u00e9thodes de vinification et d\u00e9gusterez une s\u00e9lection de vins qui refl\u00e8tent le caract\u00e8re unique de notre terroir.<\/p>\n\n\n\n<hr class=\"wp-block-separator has-alpha-channel-opacity\"\/>\n\n\n\n<h3 class=\"wp-block-heading\"><strong>Nos diff\u00e9rents passeports<\/strong><\/h3>\n\n\n\n<p><strong>Passeport Bronze \u2013 3 \u20ac<\/strong><br>D\u00e9couvrez nos chais et d\u00e9gustez <strong>3 verres<\/strong> pour une premi\u00e8re approche de nos vins.<\/p>\n\n\n\n<p><strong>Passeport Silver \u2013 6 \u20ac<\/strong><br>Visite des chais + <strong>5 verres en d\u00e9gustation au choix<\/strong>, accompagn\u00e9s de <strong>3 bouch\u00e9es lunch<\/strong>. Une exp\u00e9rience gourmande accessible.<\/p>\n\n\n\n<p><strong>Passeport Gold \u2013 9 \u20ac<\/strong><br>Une immersion plus compl\u00e8te avec la visite, <strong>7 verres en d\u00e9gustation au choix<\/strong> et <strong>4 bouch\u00e9es lunch<\/strong>.<\/p>\n\n\n\n<p><strong>Passeport VIP \u2013 19 \u20ac (hors boissons)<\/strong><br>L\u2019exp\u00e9rience ultime :<br>Visite des chais, <strong>ap\u00e9ritif d\u00e9gustation<\/strong>, <strong>3 verres au choix<\/strong>, <strong>3 lunchs<\/strong>, <strong>repas complet et dessert<\/strong>. Un moment privil\u00e9gi\u00e9 pour les amateurs de vins liquoreux et de gastronomie.<\/p>\n\n\n\n<hr class=\"wp-block-separator has-alpha-channel-opacity\"\/>\n\n\n\n<p>Que vous soyez de passage en Dordogne, passionn\u00e9 de vins ou simplement curieux, nos Passeports D\u00e9couvertes vous offrent une parenth\u00e8se unique au c\u0153ur de Monbazillac.<br><strong>Choisissez la formule qui vous ressemble et profitez d\u2019une exp\u00e9rience inoubliable.<\/strong><\/p>\n","protected":false},"excerpt":{"rendered":"<p>D\u00e9couvrez nos Passeports D\u00e9couvertes Au c\u0153ur de l&rsquo;appellation Monbazillac, notre ch\u00e2teau vous invite \u00e0 vivre une exp\u00e9rience authentique autour du vin et de son histoire. \u00c0 travers nos Passeports D\u00e9couvertes, plongez dans l\u2019univers de la viticulture, de l\u2019\u00e9volution du raisin \u00e0 la mise en bouteille, en passant par une visite immersive de nos chais. Vous [&hellip;]<\/p>\n","protected":false},"author":2,"featured_media":0,"parent":0,"menu_order":0,"comment_status":"closed","ping_status":"closed","template":"","meta":{"footnotes":""},"class_list":["post-260","page","type-page","status-publish","hentry"],"yoast_head":"<!-- This site is optimized with the Yoast SEO plugin v27.0 - https:\/\/yoast.com\/product\/yoast-seo-wordpress\/ -->\n<title>Journ\u00e9e vignoble - SHD Ev\u00e9nements<\/title>\n<meta name=\"robots\" content=\"index, follow, max-snippet:-1, max-image-preview:large, max-video-preview:-1\" \/>\n<link rel=\"canonical\" href=\"https:\/\/shd-evenements.fr\/index.php\/journee-vignoble\/\" \/>\n<meta property=\"og:locale\" content=\"fr_FR\" \/>\n<meta property=\"og:type\" content=\"article\" \/>\n<meta property=\"og:title\" content=\"Journ\u00e9e vignoble - SHD Ev\u00e9nements\" \/>\n<meta property=\"og:description\" content=\"D\u00e9couvrez nos Passeports D\u00e9couvertes Au c\u0153ur de l&rsquo;appellation Monbazillac, notre ch\u00e2teau vous invite \u00e0 vivre une exp\u00e9rience authentique autour du vin et de son histoire. \u00c0 travers nos Passeports D\u00e9couvertes, plongez dans l\u2019univers de la viticulture, de l\u2019\u00e9volution du raisin \u00e0 la mise en bouteille, en passant par une visite immersive de nos chais. Vous [&hellip;]\" \/>\n<meta property=\"og:url\" content=\"https:\/\/shd-evenements.fr\/index.php\/journee-vignoble\/\" \/>\n<meta property=\"og:site_name\" content=\"SHD Ev\u00e9nements\" \/>\n<meta property=\"article:modified_time\" content=\"2025-12-03T20:45:53+00:00\" \/>\n<meta property=\"og:image\" content=\"https:\/\/shd-evenements.fr\/wp-content\/uploads\/2025\/12\/journee_degustation_vins_monbazillac.png\" \/>\n\t<meta property=\"og:image:width\" content=\"1024\" \/>\n\t<meta property=\"og:image:height\" content=\"683\" \/>\n\t<meta property=\"og:image:type\" content=\"image\/png\" \/>\n<meta name=\"twitter:card\" content=\"summary_large_image\" \/>\n<meta name=\"twitter:label1\" content=\"Dur\u00e9e de lecture estim\u00e9e\" \/>\n\t<meta name=\"twitter:data1\" content=\"1 minute\" \/>\n<script type=\"application\/ld+json\" class=\"yoast-schema-graph\">{\"@context\":\"https:\/\/schema.org\",\"@graph\":[{\"@type\":\"WebPage\",\"@id\":\"https:\/\/shd-evenements.fr\/index.php\/journee-vignoble\/\",\"url\":\"https:\/\/shd-evenements.fr\/index.php\/journee-vignoble\/\",\"name\":\"Journ\u00e9e vignoble - SHD Ev\u00e9nements\",\"isPartOf\":{\"@id\":\"https:\/\/shd-evenements.fr\/#website\"},\"primaryImageOfPage\":{\"@id\":\"https:\/\/shd-evenements.fr\/index.php\/journee-vignoble\/#primaryimage\"},\"image\":{\"@id\":\"https:\/\/shd-evenements.fr\/index.php\/journee-vignoble\/#primaryimage\"},\"thumbnailUrl\":\"https:\/\/shd-evenements.fr\/wp-content\/uploads\/2025\/12\/journee_degustation_vins_monbazillac.png\",\"datePublished\":\"2025-12-03T20:12:20+00:00\",\"dateModified\":\"2025-12-03T20:45:53+00:00\",\"breadcrumb\":{\"@id\":\"https:\/\/shd-evenements.fr\/index.php\/journee-vignoble\/#breadcrumb\"},\"inLanguage\":\"fr-FR\",\"potentialAction\":[{\"@type\":\"ReadAction\",\"target\":[\"https:\/\/shd-evenements.fr\/index.php\/journee-vignoble\/\"]}]},{\"@type\":\"ImageObject\",\"inLanguage\":\"fr-FR\",\"@id\":\"https:\/\/shd-evenements.fr\/index.php\/journee-vignoble\/#primaryimage\",\"url\":\"https:\/\/shd-evenements.fr\/wp-content\/uploads\/2025\/12\/journee_degustation_vins_monbazillac.png\",\"contentUrl\":\"https:\/\/shd-evenements.fr\/wp-content\/uploads\/2025\/12\/journee_degustation_vins_monbazillac.png\",\"width\":1536,\"height\":1024},{\"@type\":\"BreadcrumbList\",\"@id\":\"https:\/\/shd-evenements.fr\/index.php\/journee-vignoble\/#breadcrumb\",\"itemListElement\":[{\"@type\":\"ListItem\",\"position\":1,\"name\":\"Accueil\",\"item\":\"https:\/\/shd-evenements.fr\/\"},{\"@type\":\"ListItem\",\"position\":2,\"name\":\"Journ\u00e9e vignoble\"}]},{\"@type\":\"WebSite\",\"@id\":\"https:\/\/shd-evenements.fr\/#website\",\"url\":\"https:\/\/shd-evenements.fr\/\",\"name\":\"SHD Ev\u00e9nements\",\"description\":\"Nos limites sont celle de votre imagination\",\"potentialAction\":[{\"@type\":\"SearchAction\",\"target\":{\"@type\":\"EntryPoint\",\"urlTemplate\":\"https:\/\/shd-evenements.fr\/?s={search_term_string}\"},\"query-input\":{\"@type\":\"PropertyValueSpecification\",\"valueRequired\":true,\"valueName\":\"search_term_string\"}}],\"inLanguage\":\"fr-FR\"}]}<\/script>\n<!-- \/ Yoast SEO plugin. -->","yoast_head_json":{"title":"Journ\u00e9e vignoble - SHD Ev\u00e9nements","robots":{"index":"index","follow":"follow","max-snippet":"max-snippet:-1","max-image-preview":"max-image-preview:large","max-video-preview":"max-video-preview:-1"},"canonical":"https:\/\/shd-evenements.fr\/index.php\/journee-vignoble\/","og_locale":"fr_FR","og_type":"article","og_title":"Journ\u00e9e vignoble - SHD Ev\u00e9nements","og_description":"D\u00e9couvrez nos Passeports D\u00e9couvertes Au c\u0153ur de l&rsquo;appellation Monbazillac, notre ch\u00e2teau vous invite \u00e0 vivre une exp\u00e9rience authentique autour du vin et de son histoire. \u00c0 travers nos Passeports D\u00e9couvertes, plongez dans l\u2019univers de la viticulture, de l\u2019\u00e9volution du raisin \u00e0 la mise en bouteille, en passant par une visite immersive de nos chais. Vous [&hellip;]","og_url":"https:\/\/shd-evenements.fr\/index.php\/journee-vignoble\/","og_site_name":"SHD Ev\u00e9nements","article_modified_time":"2025-12-03T20:45:53+00:00","og_image":[{"url":"https:\/\/shd-evenements.fr\/wp-content\/uploads\/2025\/12\/journee_degustation_vins_monbazillac.png","width":1024,"height":683,"type":"image\/png"}],"twitter_card":"summary_large_image","twitter_misc":{"Dur\u00e9e de lecture estim\u00e9e":"1 minute"},"schema":{"@context":"https:\/\/schema.org","@graph":[{"@type":"WebPage","@id":"https:\/\/shd-evenements.fr\/index.php\/journee-vignoble\/","url":"https:\/\/shd-evenements.fr\/index.php\/journee-vignoble\/","name":"Journ\u00e9e vignoble - SHD Ev\u00e9nements","isPartOf":{"@id":"https:\/\/shd-evenements.fr\/#website"},"primaryImageOfPage":{"@id":"https:\/\/shd-evenements.fr\/index.php\/journee-vignoble\/#primaryimage"},"image":{"@id":"https:\/\/shd-evenements.fr\/index.php\/journee-vignoble\/#primaryimage"},"thumbnailUrl":"https:\/\/shd-evenements.fr\/wp-content\/uploads\/2025\/12\/journee_degustation_vins_monbazillac.png","datePublished":"2025-12-03T20:12:20+00:00","dateModified":"2025-12-03T20:45:53+00:00","breadcrumb":{"@id":"https:\/\/shd-evenements.fr\/index.php\/journee-vignoble\/#breadcrumb"},"inLanguage":"fr-FR","potentialAction":[{"@type":"ReadAction","target":["https:\/\/shd-evenements.fr\/index.php\/journee-vignoble\/"]}]},{"@type":"ImageObject","inLanguage":"fr-FR","@id":"https:\/\/shd-evenements.fr\/index.php\/journee-vignoble\/#primaryimage","url":"https:\/\/shd-evenements.fr\/wp-content\/uploads\/2025\/12\/journee_degustation_vins_monbazillac.png","contentUrl":"https:\/\/shd-evenements.fr\/wp-content\/uploads\/2025\/12\/journee_degustation_vins_monbazillac.png","width":1536,"height":1024},{"@type":"BreadcrumbList","@id":"https:\/\/shd-evenements.fr\/index.php\/journee-vignoble\/#breadcrumb","itemListElement":[{"@type":"ListItem","position":1,"name":"Accueil","item":"https:\/\/shd-evenements.fr\/"},{"@type":"ListItem","position":2,"name":"Journ\u00e9e vignoble"}]},{"@type":"WebSite","@id":"https:\/\/shd-evenements.fr\/#website","url":"https:\/\/shd-evenements.fr\/","name":"SHD Ev\u00e9nements","description":"Nos limites sont celle de votre imagination","potentialAction":[{"@type":"SearchAction","target":{"@type":"EntryPoint","urlTemplate":"https:\/\/shd-evenements.fr\/?s={search_term_string}"},"query-input":{"@type":"PropertyValueSpecification","valueRequired":true,"valueName":"search_term_string"}}],"inLanguage":"fr-FR"}]}},"_links":{"self":[{"href":"https:\/\/shd-evenements.fr\/index.php\/wp-json\/wp\/v2\/pages\/260","targetHints":{"allow":["GET"]}}],"collection":[{"href":"https:\/\/shd-evenements.fr\/index.php\/wp-json\/wp\/v2\/pages"}],"about":[{"href":"https:\/\/shd-evenements.fr\/index.php\/wp-json\/wp\/v2\/types\/page"}],"author":[{"embeddable":true,"href":"https:\/\/shd-evenements.fr\/index.php\/wp-json\/wp\/v2\/users\/2"}],"replies":[{"embeddable":true,"href":"https:\/\/shd-evenements.fr\/index.php\/wp-json\/wp\/v2\/comments?post=260"}],"version-history":[{"count":2,"href":"https:\/\/shd-evenements.fr\/index.php\/wp-json\/wp\/v2\/pages\/260\/revisions"}],"predecessor-version":[{"id":264,"href":"https:\/\/shd-evenements.fr\/index.php\/wp-json\/wp\/v2\/pages\/260\/revisions\/264"}],"wp:attachment":[{"href":"https:\/\/shd-evenements.fr\/index.php\/wp-json\/wp\/v2\/media?parent=260"}],"curies":[{"name":"wp","href":"https:\/\/api.w.org\/{rel}","templated":true}]}}