{"id":47,"date":"2025-09-24T17:30:58","date_gmt":"2025-09-24T17:30:58","guid":{"rendered":"https:\/\/shd-evenements.fr\/?page_id=47"},"modified":"2025-10-01T17:03:38","modified_gmt":"2025-10-01T17:03:38","slug":"sonorisation-2","status":"publish","type":"page","link":"https:\/\/shd-evenements.fr\/index.php\/sonorisation-2\/","title":{"rendered":"Sonorisation"},"content":{"rendered":"\n<h2 class=\"wp-block-heading\">Pr\u00e9sentateur Micro<\/h2>\n\n\n\n<figure class=\"wp-block-image size-full\"><img loading=\"lazy\" decoding=\"async\" width=\"1701\" height=\"1286\" src=\"https:\/\/shd-evenements.fr\/wp-content\/uploads\/2025\/10\/Animateur_micro.jpeg\" alt=\"\" class=\"wp-image-217\"\/><\/figure>\n\n\n\n<p>Une voix claire, dynamique et professionnelle pour sublimer vos \u00e9v\u00e9nements.<br>Annonces, pr\u00e9sentations, animations et coordination : tout est pens\u00e9 pour mettre en valeur vos invit\u00e9s et captiver votre public.<\/p>\n\n\n\n<p>Id\u00e9al pour s\u00e9minaires, salons, conf\u00e9rences, galas, lancements de produits.<br>Avec \u00e9l\u00e9gance et aisance, votre pr\u00e9sentateur micro assure rythme, fluidit\u00e9 et convivialit\u00e9 tout au long de votre \u00e9v\u00e9nement.<\/p>\n\n\n\n<h2 class=\"wp-block-heading\">Sonorisation &amp; Ambiance<\/h2>\n\n\n\n<figure class=\"wp-block-image size-full\"><img loading=\"lazy\" decoding=\"async\" width=\"2560\" height=\"1440\" src=\"https:\/\/shd-evenements.fr\/wp-content\/uploads\/2025\/10\/20141128_181024-scaled.jpg\" alt=\"\" class=\"wp-image-216\"\/><\/figure>\n\n\n\n<p>Le son qui fait bouger petits et grands !<br>Musique, micros et effets sonores : on cr\u00e9e l\u2019ambiance parfaite pour que vos \u00e9v\u00e9nements soient m\u00e9morables.<\/p>\n\n\n\n<p>Anniversaires \u2022 Kermesses \u2022 F\u00eates locales \u2022 <br>Rires, danse et bonne humeur garantis !<\/p>\n\n\n\n<p><a href=\"https:\/\/shd-evenements.fr\/index.php\/contacts\/\" data-type=\"page\" data-id=\"42\">Tarifs nous consulter<\/a><\/p>\n\n\n\n<p><\/p>\n","protected":false},"excerpt":{"rendered":"<p>Pr\u00e9sentateur Micro Une voix claire, dynamique et professionnelle pour sublimer vos \u00e9v\u00e9nements.Annonces, pr\u00e9sentations, animations et coordination : tout est pens\u00e9 pour mettre en valeur vos invit\u00e9s et captiver votre public. Id\u00e9al pour s\u00e9minaires, salons, conf\u00e9rences, galas, lancements de produits.Avec \u00e9l\u00e9gance et aisance, votre pr\u00e9sentateur micro assure rythme, fluidit\u00e9 et convivialit\u00e9 tout au long de votre [&hellip;]<\/p>\n","protected":false},"author":1,"featured_media":0,"parent":0,"menu_order":0,"comment_status":"closed","ping_status":"closed","template":"","meta":{"footnotes":""},"class_list":["post-47","page","type-page","status-publish","hentry"],"yoast_head":"<!-- This site is optimized with the Yoast SEO plugin v27.0 - https:\/\/yoast.com\/product\/yoast-seo-wordpress\/ -->\n<title>Sonorisation - SHD Ev\u00e9nements<\/title>\n<meta name=\"robots\" content=\"index, follow, max-snippet:-1, max-image-preview:large, max-video-preview:-1\" \/>\n<link rel=\"canonical\" href=\"https:\/\/shd-evenements.fr\/index.php\/sonorisation-2\/\" \/>\n<meta property=\"og:locale\" content=\"fr_FR\" \/>\n<meta property=\"og:type\" content=\"article\" \/>\n<meta property=\"og:title\" content=\"Sonorisation - SHD Ev\u00e9nements\" \/>\n<meta property=\"og:description\" content=\"Pr\u00e9sentateur Micro Une voix claire, dynamique et professionnelle pour sublimer vos \u00e9v\u00e9nements.Annonces, pr\u00e9sentations, animations et coordination : tout est pens\u00e9 pour mettre en valeur vos invit\u00e9s et captiver votre public. Id\u00e9al pour s\u00e9minaires, salons, conf\u00e9rences, galas, lancements de produits.Avec \u00e9l\u00e9gance et aisance, votre pr\u00e9sentateur micro assure rythme, fluidit\u00e9 et convivialit\u00e9 tout au long de votre [&hellip;]\" \/>\n<meta property=\"og:url\" content=\"https:\/\/shd-evenements.fr\/index.php\/sonorisation-2\/\" \/>\n<meta property=\"og:site_name\" content=\"SHD Ev\u00e9nements\" \/>\n<meta property=\"article:modified_time\" content=\"2025-10-01T17:03:38+00:00\" \/>\n<meta property=\"og:image\" content=\"https:\/\/shd-evenements.fr\/wp-content\/uploads\/2025\/10\/Animateur_micro.jpeg\" \/>\n\t<meta property=\"og:image:width\" content=\"1701\" \/>\n\t<meta property=\"og:image:height\" content=\"1286\" \/>\n\t<meta property=\"og:image:type\" content=\"image\/jpeg\" \/>\n<meta name=\"twitter:card\" content=\"summary_large_image\" \/>\n<meta name=\"twitter:label1\" content=\"Dur\u00e9e de lecture estim\u00e9e\" \/>\n\t<meta name=\"twitter:data1\" content=\"1 minute\" \/>\n<script type=\"application\/ld+json\" class=\"yoast-schema-graph\">{\"@context\":\"https:\/\/schema.org\",\"@graph\":[{\"@type\":\"WebPage\",\"@id\":\"https:\/\/shd-evenements.fr\/index.php\/sonorisation-2\/\",\"url\":\"https:\/\/shd-evenements.fr\/index.php\/sonorisation-2\/\",\"name\":\"Sonorisation - SHD Ev\u00e9nements\",\"isPartOf\":{\"@id\":\"https:\/\/shd-evenements.fr\/#website\"},\"primaryImageOfPage\":{\"@id\":\"https:\/\/shd-evenements.fr\/index.php\/sonorisation-2\/#primaryimage\"},\"image\":{\"@id\":\"https:\/\/shd-evenements.fr\/index.php\/sonorisation-2\/#primaryimage\"},\"thumbnailUrl\":\"https:\/\/shd-evenements.fr\/wp-content\/uploads\/2025\/10\/Animateur_micro.jpeg\",\"datePublished\":\"2025-09-24T17:30:58+00:00\",\"dateModified\":\"2025-10-01T17:03:38+00:00\",\"breadcrumb\":{\"@id\":\"https:\/\/shd-evenements.fr\/index.php\/sonorisation-2\/#breadcrumb\"},\"inLanguage\":\"fr-FR\",\"potentialAction\":[{\"@type\":\"ReadAction\",\"target\":[\"https:\/\/shd-evenements.fr\/index.php\/sonorisation-2\/\"]}]},{\"@type\":\"ImageObject\",\"inLanguage\":\"fr-FR\",\"@id\":\"https:\/\/shd-evenements.fr\/index.php\/sonorisation-2\/#primaryimage\",\"url\":\"https:\/\/shd-evenements.fr\/wp-content\/uploads\/2025\/10\/Animateur_micro.jpeg\",\"contentUrl\":\"https:\/\/shd-evenements.fr\/wp-content\/uploads\/2025\/10\/Animateur_micro.jpeg\",\"width\":1701,\"height\":1286},{\"@type\":\"BreadcrumbList\",\"@id\":\"https:\/\/shd-evenements.fr\/index.php\/sonorisation-2\/#breadcrumb\",\"itemListElement\":[{\"@type\":\"ListItem\",\"position\":1,\"name\":\"Accueil\",\"item\":\"https:\/\/shd-evenements.fr\/\"},{\"@type\":\"ListItem\",\"position\":2,\"name\":\"Sonorisation\"}]},{\"@type\":\"WebSite\",\"@id\":\"https:\/\/shd-evenements.fr\/#website\",\"url\":\"https:\/\/shd-evenements.fr\/\",\"name\":\"SHD Ev\u00e9nements\",\"description\":\"Nos limites sont celle de votre imagination\",\"potentialAction\":[{\"@type\":\"SearchAction\",\"target\":{\"@type\":\"EntryPoint\",\"urlTemplate\":\"https:\/\/shd-evenements.fr\/?s={search_term_string}\"},\"query-input\":{\"@type\":\"PropertyValueSpecification\",\"valueRequired\":true,\"valueName\":\"search_term_string\"}}],\"inLanguage\":\"fr-FR\"}]}<\/script>\n<!-- \/ Yoast SEO plugin. -->","yoast_head_json":{"title":"Sonorisation - SHD Ev\u00e9nements","robots":{"index":"index","follow":"follow","max-snippet":"max-snippet:-1","max-image-preview":"max-image-preview:large","max-video-preview":"max-video-preview:-1"},"canonical":"https:\/\/shd-evenements.fr\/index.php\/sonorisation-2\/","og_locale":"fr_FR","og_type":"article","og_title":"Sonorisation - SHD Ev\u00e9nements","og_description":"Pr\u00e9sentateur Micro Une voix claire, dynamique et professionnelle pour sublimer vos \u00e9v\u00e9nements.Annonces, pr\u00e9sentations, animations et coordination : tout est pens\u00e9 pour mettre en valeur vos invit\u00e9s et captiver votre public. Id\u00e9al pour s\u00e9minaires, salons, conf\u00e9rences, galas, lancements de produits.Avec \u00e9l\u00e9gance et aisance, votre pr\u00e9sentateur micro assure rythme, fluidit\u00e9 et convivialit\u00e9 tout au long de votre [&hellip;]","og_url":"https:\/\/shd-evenements.fr\/index.php\/sonorisation-2\/","og_site_name":"SHD Ev\u00e9nements","article_modified_time":"2025-10-01T17:03:38+00:00","og_image":[{"width":1701,"height":1286,"url":"https:\/\/shd-evenements.fr\/wp-content\/uploads\/2025\/10\/Animateur_micro.jpeg","type":"image\/jpeg"}],"twitter_card":"summary_large_image","twitter_misc":{"Dur\u00e9e de lecture estim\u00e9e":"1 minute"},"schema":{"@context":"https:\/\/schema.org","@graph":[{"@type":"WebPage","@id":"https:\/\/shd-evenements.fr\/index.php\/sonorisation-2\/","url":"https:\/\/shd-evenements.fr\/index.php\/sonorisation-2\/","name":"Sonorisation - SHD Ev\u00e9nements","isPartOf":{"@id":"https:\/\/shd-evenements.fr\/#website"},"primaryImageOfPage":{"@id":"https:\/\/shd-evenements.fr\/index.php\/sonorisation-2\/#primaryimage"},"image":{"@id":"https:\/\/shd-evenements.fr\/index.php\/sonorisation-2\/#primaryimage"},"thumbnailUrl":"https:\/\/shd-evenements.fr\/wp-content\/uploads\/2025\/10\/Animateur_micro.jpeg","datePublished":"2025-09-24T17:30:58+00:00","dateModified":"2025-10-01T17:03:38+00:00","breadcrumb":{"@id":"https:\/\/shd-evenements.fr\/index.php\/sonorisation-2\/#breadcrumb"},"inLanguage":"fr-FR","potentialAction":[{"@type":"ReadAction","target":["https:\/\/shd-evenements.fr\/index.php\/sonorisation-2\/"]}]},{"@type":"ImageObject","inLanguage":"fr-FR","@id":"https:\/\/shd-evenements.fr\/index.php\/sonorisation-2\/#primaryimage","url":"https:\/\/shd-evenements.fr\/wp-content\/uploads\/2025\/10\/Animateur_micro.jpeg","contentUrl":"https:\/\/shd-evenements.fr\/wp-content\/uploads\/2025\/10\/Animateur_micro.jpeg","width":1701,"height":1286},{"@type":"BreadcrumbList","@id":"https:\/\/shd-evenements.fr\/index.php\/sonorisation-2\/#breadcrumb","itemListElement":[{"@type":"ListItem","position":1,"name":"Accueil","item":"https:\/\/shd-evenements.fr\/"},{"@type":"ListItem","position":2,"name":"Sonorisation"}]},{"@type":"WebSite","@id":"https:\/\/shd-evenements.fr\/#website","url":"https:\/\/shd-evenements.fr\/","name":"SHD Ev\u00e9nements","description":"Nos limites sont celle de votre imagination","potentialAction":[{"@type":"SearchAction","target":{"@type":"EntryPoint","urlTemplate":"https:\/\/shd-evenements.fr\/?s={search_term_string}"},"query-input":{"@type":"PropertyValueSpecification","valueRequired":true,"valueName":"search_term_string"}}],"inLanguage":"fr-FR"}]}},"_links":{"self":[{"href":"https:\/\/shd-evenements.fr\/index.php\/wp-json\/wp\/v2\/pages\/47","targetHints":{"allow":["GET"]}}],"collection":[{"href":"https:\/\/shd-evenements.fr\/index.php\/wp-json\/wp\/v2\/pages"}],"about":[{"href":"https:\/\/shd-evenements.fr\/index.php\/wp-json\/wp\/v2\/types\/page"}],"author":[{"embeddable":true,"href":"https:\/\/shd-evenements.fr\/index.php\/wp-json\/wp\/v2\/users\/1"}],"replies":[{"embeddable":true,"href":"https:\/\/shd-evenements.fr\/index.php\/wp-json\/wp\/v2\/comments?post=47"}],"version-history":[{"count":5,"href":"https:\/\/shd-evenements.fr\/index.php\/wp-json\/wp\/v2\/pages\/47\/revisions"}],"predecessor-version":[{"id":219,"href":"https:\/\/shd-evenements.fr\/index.php\/wp-json\/wp\/v2\/pages\/47\/revisions\/219"}],"wp:attachment":[{"href":"https:\/\/shd-evenements.fr\/index.php\/wp-json\/wp\/v2\/media?parent=47"}],"curies":[{"name":"wp","href":"https:\/\/api.w.org\/{rel}","templated":true}]}}