{"id":50,"date":"2025-09-24T17:45:02","date_gmt":"2025-09-24T17:45:02","guid":{"rendered":"https:\/\/shd-evenements.fr\/?page_id=50"},"modified":"2026-02-24T21:03:06","modified_gmt":"2026-02-24T21:03:06","slug":"partenaires","status":"publish","type":"page","link":"https:\/\/shd-evenements.fr\/index.php\/partenaires\/","title":{"rendered":"Nos \u00e9v\u00e9nements"},"content":{"rendered":"<div class=\"wp-block-image\">\n<figure class=\"aligncenter size-full is-resized\"><img loading=\"lazy\" decoding=\"async\" width=\"1536\" height=\"1024\" src=\"https:\/\/shd-evenements.fr\/wp-content\/uploads\/2025\/11\/ChatGPT-Image-6-nov.-2025-17_17_02.png\" alt=\"\" class=\"wp-image-253\" style=\"width:412px;height:auto\"\/><\/figure>\n<\/div>\n\n\n<p>La soci\u00e9t\u00e9 SHD Ev\u00e9nements organise des march\u00e9s gourmands au chateau du P\u00e9roudier \u00e0 Monbazillac (24) <strong>tous les lundis du 29 juin 2026 au 31 Aout 2026 inclus<\/strong>. C&rsquo;est une premi\u00e8re si vous voulez nous suivre dans cette aventure n&rsquo;h\u00e9sitez pas \u00e0 nous contacter ! Animations (quizz et animation dansante) Foodtrucks Exposants&#8230; plus d&rsquo;info <a href=\"https:\/\/shd-evenements.fr\/index.php\/contacts\/\" data-type=\"page\" data-id=\"42\">contactez nous !<\/a><\/p>\n\n\n\n<p>La soci\u00e9t\u00e9 SHD Ev\u00e9nements organise un salon du Bien-\u00eatre et du go\u00fbt les 27 et 28 juin 2026 au salon p\u00e9roudier. Exposants, conf\u00e9rences et ateliers. plus d&rsquo;info <a data-type=\"page\" data-id=\"42\" href=\"https:\/\/shd-evenements.fr\/index.php\/contacts\/\">contactez nous !<\/a><\/p>\n\n\n\n<p>La soci\u00e9t\u00e9 SHD Ev\u00e9nements organise un salon du Bien-\u00eatre et de la voyance les 21 et 22 novembre 2026 \u00e0 St Colomb de Lauzun (47410) en partenariat avec l&rsquo;association du pigeonnier . Exposants, conf\u00e9rences et ateliers. plus d&rsquo;info <a data-type=\"page\" data-id=\"42\" href=\"https:\/\/shd-evenements.fr\/index.php\/contacts\/\">contactez nous !<\/a><\/p>\n","protected":false},"excerpt":{"rendered":"<p>La soci\u00e9t\u00e9 SHD Ev\u00e9nements organise des march\u00e9s gourmands au chateau du P\u00e9roudier \u00e0 Monbazillac (24) tous les lundis du 29 juin 2026 au 31 Aout 2026 inclus. C&rsquo;est une premi\u00e8re si vous voulez nous suivre dans cette aventure n&rsquo;h\u00e9sitez pas \u00e0 nous contacter ! Animations (quizz et animation dansante) Foodtrucks Exposants&#8230; plus d&rsquo;info contactez nous [&hellip;]<\/p>\n","protected":false},"author":1,"featured_media":0,"parent":0,"menu_order":0,"comment_status":"closed","ping_status":"closed","template":"","meta":{"footnotes":""},"class_list":["post-50","page","type-page","status-publish","hentry"],"yoast_head":"<!-- This site is optimized with the Yoast SEO plugin v27.0 - https:\/\/yoast.com\/product\/yoast-seo-wordpress\/ -->\n<title>Nos \u00e9v\u00e9nements - SHD Ev\u00e9nements<\/title>\n<meta name=\"robots\" content=\"index, follow, max-snippet:-1, max-image-preview:large, max-video-preview:-1\" \/>\n<link rel=\"canonical\" href=\"https:\/\/shd-evenements.fr\/index.php\/partenaires\/\" \/>\n<meta property=\"og:locale\" content=\"fr_FR\" \/>\n<meta property=\"og:type\" content=\"article\" \/>\n<meta property=\"og:title\" content=\"Nos \u00e9v\u00e9nements - SHD Ev\u00e9nements\" \/>\n<meta property=\"og:description\" content=\"La soci\u00e9t\u00e9 SHD Ev\u00e9nements organise des march\u00e9s gourmands au chateau du P\u00e9roudier \u00e0 Monbazillac (24) tous les lundis du 29 juin 2026 au 31 Aout 2026 inclus. C&rsquo;est une premi\u00e8re si vous voulez nous suivre dans cette aventure n&rsquo;h\u00e9sitez pas \u00e0 nous contacter ! Animations (quizz et animation dansante) Foodtrucks Exposants&#8230; plus d&rsquo;info contactez nous [&hellip;]\" \/>\n<meta property=\"og:url\" content=\"https:\/\/shd-evenements.fr\/index.php\/partenaires\/\" \/>\n<meta property=\"og:site_name\" content=\"SHD Ev\u00e9nements\" \/>\n<meta property=\"article:modified_time\" content=\"2026-02-24T21:03:06+00:00\" \/>\n<meta property=\"og:image\" content=\"https:\/\/shd-evenements.fr\/wp-content\/uploads\/2025\/11\/ChatGPT-Image-6-nov.-2025-17_17_02.png\" \/>\n\t<meta property=\"og:image:width\" content=\"1024\" \/>\n\t<meta property=\"og:image:height\" content=\"683\" \/>\n\t<meta property=\"og:image:type\" content=\"image\/png\" \/>\n<meta name=\"twitter:card\" content=\"summary_large_image\" \/>\n<meta name=\"twitter:label1\" content=\"Dur\u00e9e de lecture estim\u00e9e\" \/>\n\t<meta name=\"twitter:data1\" content=\"1 minute\" \/>\n<script type=\"application\/ld+json\" class=\"yoast-schema-graph\">{\"@context\":\"https:\/\/schema.org\",\"@graph\":[{\"@type\":\"WebPage\",\"@id\":\"https:\/\/shd-evenements.fr\/index.php\/partenaires\/\",\"url\":\"https:\/\/shd-evenements.fr\/index.php\/partenaires\/\",\"name\":\"Nos \u00e9v\u00e9nements - SHD Ev\u00e9nements\",\"isPartOf\":{\"@id\":\"https:\/\/shd-evenements.fr\/#website\"},\"primaryImageOfPage\":{\"@id\":\"https:\/\/shd-evenements.fr\/index.php\/partenaires\/#primaryimage\"},\"image\":{\"@id\":\"https:\/\/shd-evenements.fr\/index.php\/partenaires\/#primaryimage\"},\"thumbnailUrl\":\"https:\/\/shd-evenements.fr\/wp-content\/uploads\/2025\/11\/ChatGPT-Image-6-nov.-2025-17_17_02.png\",\"datePublished\":\"2025-09-24T17:45:02+00:00\",\"dateModified\":\"2026-02-24T21:03:06+00:00\",\"breadcrumb\":{\"@id\":\"https:\/\/shd-evenements.fr\/index.php\/partenaires\/#breadcrumb\"},\"inLanguage\":\"fr-FR\",\"potentialAction\":[{\"@type\":\"ReadAction\",\"target\":[\"https:\/\/shd-evenements.fr\/index.php\/partenaires\/\"]}]},{\"@type\":\"ImageObject\",\"inLanguage\":\"fr-FR\",\"@id\":\"https:\/\/shd-evenements.fr\/index.php\/partenaires\/#primaryimage\",\"url\":\"https:\/\/shd-evenements.fr\/wp-content\/uploads\/2025\/11\/ChatGPT-Image-6-nov.-2025-17_17_02.png\",\"contentUrl\":\"https:\/\/shd-evenements.fr\/wp-content\/uploads\/2025\/11\/ChatGPT-Image-6-nov.-2025-17_17_02.png\",\"width\":1536,\"height\":1024},{\"@type\":\"BreadcrumbList\",\"@id\":\"https:\/\/shd-evenements.fr\/index.php\/partenaires\/#breadcrumb\",\"itemListElement\":[{\"@type\":\"ListItem\",\"position\":1,\"name\":\"Accueil\",\"item\":\"https:\/\/shd-evenements.fr\/\"},{\"@type\":\"ListItem\",\"position\":2,\"name\":\"Nos \u00e9v\u00e9nements\"}]},{\"@type\":\"WebSite\",\"@id\":\"https:\/\/shd-evenements.fr\/#website\",\"url\":\"https:\/\/shd-evenements.fr\/\",\"name\":\"SHD Ev\u00e9nements\",\"description\":\"Nos limites sont celle de votre imagination\",\"potentialAction\":[{\"@type\":\"SearchAction\",\"target\":{\"@type\":\"EntryPoint\",\"urlTemplate\":\"https:\/\/shd-evenements.fr\/?s={search_term_string}\"},\"query-input\":{\"@type\":\"PropertyValueSpecification\",\"valueRequired\":true,\"valueName\":\"search_term_string\"}}],\"inLanguage\":\"fr-FR\"}]}<\/script>\n<!-- \/ Yoast SEO plugin. -->","yoast_head_json":{"title":"Nos \u00e9v\u00e9nements - SHD Ev\u00e9nements","robots":{"index":"index","follow":"follow","max-snippet":"max-snippet:-1","max-image-preview":"max-image-preview:large","max-video-preview":"max-video-preview:-1"},"canonical":"https:\/\/shd-evenements.fr\/index.php\/partenaires\/","og_locale":"fr_FR","og_type":"article","og_title":"Nos \u00e9v\u00e9nements - SHD Ev\u00e9nements","og_description":"La soci\u00e9t\u00e9 SHD Ev\u00e9nements organise des march\u00e9s gourmands au chateau du P\u00e9roudier \u00e0 Monbazillac (24) tous les lundis du 29 juin 2026 au 31 Aout 2026 inclus. C&rsquo;est une premi\u00e8re si vous voulez nous suivre dans cette aventure n&rsquo;h\u00e9sitez pas \u00e0 nous contacter ! Animations (quizz et animation dansante) Foodtrucks Exposants&#8230; plus d&rsquo;info contactez nous [&hellip;]","og_url":"https:\/\/shd-evenements.fr\/index.php\/partenaires\/","og_site_name":"SHD Ev\u00e9nements","article_modified_time":"2026-02-24T21:03:06+00:00","og_image":[{"url":"https:\/\/shd-evenements.fr\/wp-content\/uploads\/2025\/11\/ChatGPT-Image-6-nov.-2025-17_17_02.png","width":1024,"height":683,"type":"image\/png"}],"twitter_card":"summary_large_image","twitter_misc":{"Dur\u00e9e de lecture estim\u00e9e":"1 minute"},"schema":{"@context":"https:\/\/schema.org","@graph":[{"@type":"WebPage","@id":"https:\/\/shd-evenements.fr\/index.php\/partenaires\/","url":"https:\/\/shd-evenements.fr\/index.php\/partenaires\/","name":"Nos \u00e9v\u00e9nements - SHD Ev\u00e9nements","isPartOf":{"@id":"https:\/\/shd-evenements.fr\/#website"},"primaryImageOfPage":{"@id":"https:\/\/shd-evenements.fr\/index.php\/partenaires\/#primaryimage"},"image":{"@id":"https:\/\/shd-evenements.fr\/index.php\/partenaires\/#primaryimage"},"thumbnailUrl":"https:\/\/shd-evenements.fr\/wp-content\/uploads\/2025\/11\/ChatGPT-Image-6-nov.-2025-17_17_02.png","datePublished":"2025-09-24T17:45:02+00:00","dateModified":"2026-02-24T21:03:06+00:00","breadcrumb":{"@id":"https:\/\/shd-evenements.fr\/index.php\/partenaires\/#breadcrumb"},"inLanguage":"fr-FR","potentialAction":[{"@type":"ReadAction","target":["https:\/\/shd-evenements.fr\/index.php\/partenaires\/"]}]},{"@type":"ImageObject","inLanguage":"fr-FR","@id":"https:\/\/shd-evenements.fr\/index.php\/partenaires\/#primaryimage","url":"https:\/\/shd-evenements.fr\/wp-content\/uploads\/2025\/11\/ChatGPT-Image-6-nov.-2025-17_17_02.png","contentUrl":"https:\/\/shd-evenements.fr\/wp-content\/uploads\/2025\/11\/ChatGPT-Image-6-nov.-2025-17_17_02.png","width":1536,"height":1024},{"@type":"BreadcrumbList","@id":"https:\/\/shd-evenements.fr\/index.php\/partenaires\/#breadcrumb","itemListElement":[{"@type":"ListItem","position":1,"name":"Accueil","item":"https:\/\/shd-evenements.fr\/"},{"@type":"ListItem","position":2,"name":"Nos \u00e9v\u00e9nements"}]},{"@type":"WebSite","@id":"https:\/\/shd-evenements.fr\/#website","url":"https:\/\/shd-evenements.fr\/","name":"SHD Ev\u00e9nements","description":"Nos limites sont celle de votre imagination","potentialAction":[{"@type":"SearchAction","target":{"@type":"EntryPoint","urlTemplate":"https:\/\/shd-evenements.fr\/?s={search_term_string}"},"query-input":{"@type":"PropertyValueSpecification","valueRequired":true,"valueName":"search_term_string"}}],"inLanguage":"fr-FR"}]}},"_links":{"self":[{"href":"https:\/\/shd-evenements.fr\/index.php\/wp-json\/wp\/v2\/pages\/50","targetHints":{"allow":["GET"]}}],"collection":[{"href":"https:\/\/shd-evenements.fr\/index.php\/wp-json\/wp\/v2\/pages"}],"about":[{"href":"https:\/\/shd-evenements.fr\/index.php\/wp-json\/wp\/v2\/types\/page"}],"author":[{"embeddable":true,"href":"https:\/\/shd-evenements.fr\/index.php\/wp-json\/wp\/v2\/users\/1"}],"replies":[{"embeddable":true,"href":"https:\/\/shd-evenements.fr\/index.php\/wp-json\/wp\/v2\/comments?post=50"}],"version-history":[{"count":7,"href":"https:\/\/shd-evenements.fr\/index.php\/wp-json\/wp\/v2\/pages\/50\/revisions"}],"predecessor-version":[{"id":305,"href":"https:\/\/shd-evenements.fr\/index.php\/wp-json\/wp\/v2\/pages\/50\/revisions\/305"}],"wp:attachment":[{"href":"https:\/\/shd-evenements.fr\/index.php\/wp-json\/wp\/v2\/media?parent=50"}],"curies":[{"name":"wp","href":"https:\/\/api.w.org\/{rel}","templated":true}]}}